{"id":1713,"date":"2022-03-10T19:22:59","date_gmt":"2022-03-10T19:22:59","guid":{"rendered":"https:\/\/tokiomarinecanada.com\/insurance-solutions\/professional-financial-solutions\/"},"modified":"2025-02-10T19:40:08","modified_gmt":"2025-02-10T19:40:08","slug":"professional-financial-solutions","status":"publish","type":"page","link":"https:\/\/tokiomarinecanada.com\/fr\/insurance-solutions\/professional-financial-solutions\/","title":{"rendered":"Assurance responsabilit\u00e9 professionnelle"},"content":{"rendered":"<p>[et_pb_section fb_built=\u00a0\u00bb1&Prime; fullwidth=\u00a0\u00bbon\u00a0\u00bb _builder_version=\u00a0\u00bb4.27.2&Prime; _module_preset=\u00a0\u00bbdefault\u00a0\u00bb box_shadow_style=\u00a0\u00bbpreset1&Prime; locked=\u00a0\u00bboff\u00a0\u00bb global_colors_info=\u00a0\u00bb{}\u00a0\u00bb][et_pb_fullwidth_header title=\u00a0\u00bbSolutions professionnelles et financi\u00e8res\u00a0\u00bb _builder_version=\u00a0\u00bb4.27.2&Prime; _module_preset=\u00a0\u00bbdefault\u00a0\u00bb title_font=\u00a0\u00bb|800||on|||||\u00a0\u00bb title_text_color=\u00a0\u00bb#FFFFFF\u00a0\u00bb title_font_size=\u00a0\u00bb50px\u00a0\u00bb content_text_color=\u00a0\u00bb#FFFFFF\u00a0\u00bb background_color=\u00a0\u00bbgcid-heading-color\u00a0\u00bb background_image=\u00a0\u00bbhttps:\/\/tokiomarinecanada.com\/wp-content\/uploads\/2024\/10\/Colleagues-in-board-meeting-2-scaled.jpg\u00a0\u00bb background_enable_mask_style=\u00a0\u00bbon\u00a0\u00bb background_mask_style=\u00a0\u00bbtriangles\u00a0\u00bb background_mask_size=\u00a0\u00bbcover\u00a0\u00bb background_mask_position=\u00a0\u00bbcenter_right\u00a0\u00bb custom_button_one=\u00a0\u00bbon\u00a0\u00bb button_one_text_color=\u00a0\u00bb#ffffff\u00a0\u00bb button_one_bg_color=\u00a0\u00bb#267aab\u00a0\u00bb button_one_font=\u00a0\u00bb|800||on|||||\u00a0\u00bb background_layout=\u00a0\u00bblight\u00a0\u00bb custom_padding=\u00a0\u00bb100px||100px||false|false\u00a0\u00bb custom_padding_tablet=\u00a0\u00bb||||false|false\u00a0\u00bb custom_padding_phone=\u00a0\u00bb||||false|false\u00a0\u00bb custom_padding_last_edited=\u00a0\u00bbon|phone\u00a0\u00bb background_last_edited=\u00a0\u00bbon|phone\u00a0\u00bb background_mask_size_phone=\u00a0\u00bbcover\u00a0\u00bb background_mask_width_phone=\u00a0\u00bb100%\u00a0\u00bb background_mask_height_phone=\u00a0\u00bb100%\u00a0\u00bb custom_css_free_form=\u00a0\u00bb||.et_pb_background_mask {||    background-image: url(%22\/wp-content\/themes\/tokiomarinecanada\/images\/mask-solid.svg%22) !important;||  opacity: 0.3;||}||\u00a0\u00bb custom_css_header_container=\u00a0\u00bbmax-width: 1080px;\u00a0\u00bb title_text_shadow_style=\u00a0\u00bbpreset3&Prime; title_text_shadow_blur_strength=\u00a0\u00bb0.22em\u00a0\u00bb title_text_shadow_color=\u00a0\u00bbrgba(0,0,0,0.8)\u00a0\u00bb title_text_shadow_color_tablet=\u00a0\u00bbrgba(0,0,0,0.8)\u00a0\u00bb title_text_shadow_color_phone=\u00a0\u00bbrgba(0,0,0,0.8)\u00a0\u00bb title_text_shadow_color_last_edited=\u00a0\u00bbon|desktop\u00a0\u00bb content_text_shadow_style=\u00a0\u00bbpreset3&Prime; content_text_shadow_color=\u00a0\u00bbrgba(0,0,0,0.8)\u00a0\u00bb global_colors_info=\u00a0\u00bb{%22gcid-heading-color%22:%91%22background_color%22%93}\u00a0\u00bb][\/et_pb_fullwidth_header][\/et_pb_section][et_pb_section fb_built=\u00a0\u00bb1&Prime; _builder_version=\u00a0\u00bb4.27.2&Prime; _module_preset=\u00a0\u00bbdefault\u00a0\u00bb global_colors_info=\u00a0\u00bb{}\u00a0\u00bb][et_pb_row _builder_version=\u00a0\u00bb4.27.2&Prime; _module_preset=\u00a0\u00bbdefault\u00a0\u00bb global_colors_info=\u00a0\u00bb{}\u00a0\u00bb][et_pb_column type=\u00a0\u00bb4_4&Prime; _builder_version=\u00a0\u00bb4.27.2&Prime; _module_preset=\u00a0\u00bbdefault\u00a0\u00bb global_colors_info=\u00a0\u00bb{}\u00a0\u00bb][\/et_pb_column][\/et_pb_row][et_pb_row _builder_version=\u00a0\u00bb4.27.2&Prime; _module_preset=\u00a0\u00bbdefault\u00a0\u00bb global_colors_info=\u00a0\u00bb{}\u00a0\u00bb][et_pb_column type=\u00a0\u00bb4_4&Prime; _builder_version=\u00a0\u00bb4.27.2&Prime; _module_preset=\u00a0\u00bbdefault\u00a0\u00bb global_colors_info=\u00a0\u00bb{}\u00a0\u00bb][et_pb_text _builder_version=\u00a0\u00bb4.27.2&Prime; _module_preset=\u00a0\u00bbdefault\u00a0\u00bb custom_padding=\u00a0\u00bb||0px|||\u00a0\u00bb global_colors_info=\u00a0\u00bb{}\u00a0\u00bb]<\/p>\n<p>Les professionnels, les entreprises ferm\u00e9es et les organismes \u00e0 but non lucratif sont confront\u00e9s \u00e0 toutes sortes de risques qui peuvent avoir des cons\u00e9quences sur leur r\u00e9putation, leurs activit\u00e9s et leur sant\u00e9 financi\u00e8re. C\u2019est l\u00e0 que l\u2019\u00e9quipe Responsabilit\u00e9 professionnelle et solutions sp\u00e9cialis\u00e9es Tokio Maritime Canada entre en jeu. Notre \u00e9quipe exp\u00e9riment\u00e9e vous offre des conseils et solutions personnalis\u00e9s en mati\u00e8re d\u2019assurance pour vous prot\u00e9ger contre les impr\u00e9vus\u00a0 et aider votre entreprise \u00e0 maintenir\u00a0 la qualit\u00e9 de ses services et la stabilit\u00e9 de ses finances.<\/p>\n<p>[\/et_pb_text][\/et_pb_column][\/et_pb_row][et_pb_row column_structure=\u00a0\u00bb1_2,1_2&Prime; _builder_version=\u00a0\u00bb4.27.2&Prime; _module_preset=\u00a0\u00bbdefault\u00a0\u00bb global_colors_info=\u00a0\u00bb{}\u00a0\u00bb][et_pb_column type=\u00a0\u00bb1_2&Prime; _builder_version=\u00a0\u00bb4.27.2&Prime; _module_preset=\u00a0\u00bbdefault\u00a0\u00bb global_colors_info=\u00a0\u00bb{}\u00a0\u00bb][et_pb_heading title=\u00a0\u00bbErreurs et omissions (E&#038;O)\u00a0\u00bb _builder_version=\u00a0\u00bb4.27.4&Prime; _module_preset=\u00a0\u00bbdefault\u00a0\u00bb custom_padding=\u00a0\u00bb10px||||false|false\u00a0\u00bb border_width_top=\u00a0\u00bb10px\u00a0\u00bb border_color_top=\u00a0\u00bbgcid-2ab7e996-1a85-43be-9cb7-b8bc4d042a68&Prime; locked=\u00a0\u00bboff\u00a0\u00bb global_colors_info=\u00a0\u00bb{%22gcid-2ab7e996-1a85-43be-9cb7-b8bc4d042a68%22:%91%22border_color_top%22%93}\u00a0\u00bb][\/et_pb_heading][et_pb_text _builder_version=\u00a0\u00bb4.27.2&Prime; _module_preset=\u00a0\u00bbdefault\u00a0\u00bb global_colors_info=\u00a0\u00bb{}\u00a0\u00bb]<\/p>\n<p>Dans le milieu professionnel, personne n\u2019est \u00e0 l\u2019abri d\u2019une erreur. Nous proposons des services d\u2019assurance pour un large \u00e9ventail de services professionnels, car tout le monde peut faire face \u00e0 un risque de perte financi\u00e8re li\u00e9e \u00e0 de potentielles r\u00e9clamations, ce qui rend la protection E&amp;O essentielle.\u00a0<\/p>\n<p>&nbsp;<\/p>\n<p>[\/et_pb_text][\/et_pb_column][et_pb_column type=\u00a0\u00bb1_2&Prime; _builder_version=\u00a0\u00bb4.27.2&Prime; _module_preset=\u00a0\u00bbdefault\u00a0\u00bb global_colors_info=\u00a0\u00bb{}\u00a0\u00bb][et_pb_heading title=\u00a0\u00bbAdministrateurs et dirigeants (D&#038;O)\u00a0\u00bb _builder_version=\u00a0\u00bb4.27.2&Prime; _module_preset=\u00a0\u00bbdefault\u00a0\u00bb custom_padding=\u00a0\u00bb10px||||false|false\u00a0\u00bb border_width_top=\u00a0\u00bb10px\u00a0\u00bb border_color_top=\u00a0\u00bbgcid-2ab7e996-1a85-43be-9cb7-b8bc4d042a68&Prime; locked=\u00a0\u00bboff\u00a0\u00bb global_colors_info=\u00a0\u00bb{%22gcid-2ab7e996-1a85-43be-9cb7-b8bc4d042a68%22:%91%22border_color_top%22%93,%22gcid-859a8f91-d2b5-4d31-89b1-6af363cca6c0%22:%91%22border_color_top%22%93}\u00a0\u00bb][\/et_pb_heading][et_pb_text _builder_version=\u00a0\u00bb4.27.2&Prime; _module_preset=\u00a0\u00bbdefault\u00a0\u00bb global_colors_info=\u00a0\u00bb{}\u00a0\u00bb]<\/p>\n<p>Les entreprises ont besoin d\u2019outils pour g\u00e9rer les risques fondamentaux et prot\u00e9ger les actifs personnels et int\u00e9r\u00eats juridiques de leurs dirigeants, en particulier d\u2019une assurance pour couvrir les frais li\u00e9s \u00e0 de potentielles enqu\u00eates ou aux honoraires juridiques. Nos contrats offrent \u00e9galement une assurance responsabilit\u00e9 civile en mati\u00e8re de pratiques d\u2019emploi et de fiducies.<\/p>\n<p>[\/et_pb_text][\/et_pb_column][\/et_pb_row][et_pb_row column_structure=\u00a0\u00bb1_2,1_2&Prime; _builder_version=\u00a0\u00bb4.27.2&Prime; _module_preset=\u00a0\u00bbdefault\u00a0\u00bb global_colors_info=\u00a0\u00bb{}\u00a0\u00bb][et_pb_column type=\u00a0\u00bb1_2&Prime; _builder_version=\u00a0\u00bb4.27.2&Prime; _module_preset=\u00a0\u00bbdefault\u00a0\u00bb global_colors_info=\u00a0\u00bb{}\u00a0\u00bb][et_pb_heading title=\u00a0\u00bbAssurance contre les cyberrisques pour les entreprises hors du secteur technologique \u00a0\u00bb _builder_version=\u00a0\u00bb4.27.2&Prime; _module_preset=\u00a0\u00bbdefault\u00a0\u00bb custom_padding=\u00a0\u00bb10px||||false|false\u00a0\u00bb border_width_top=\u00a0\u00bb10px\u00a0\u00bb border_color_top=\u00a0\u00bbgcid-2ab7e996-1a85-43be-9cb7-b8bc4d042a68&Prime; locked=\u00a0\u00bboff\u00a0\u00bb global_colors_info=\u00a0\u00bb{%22gcid-2ab7e996-1a85-43be-9cb7-b8bc4d042a68%22:%91%22border_color_top%22%93,%22gcid-859a8f91-d2b5-4d31-89b1-6af363cca6c0%22:%91%22border_color_top%22%93}\u00a0\u00bb][\/et_pb_heading][et_pb_text _builder_version=\u00a0\u00bb4.27.2&Prime; _module_preset=\u00a0\u00bbdefault\u00a0\u00bb global_colors_info=\u00a0\u00bb{}\u00a0\u00bb custom_padding=\u00a0\u00bb||50px|||\u00a0\u00bb]<\/p>\n<p><span lang=\"FR-CA\">Dans le contexte actuel, les technologies num\u00e9riques \u00e9voluent de jour en jour, exposant les entreprises \u00e0 des risques de cyberattaques susceptibles d\u2019entra\u00eener des pertes financi\u00e8res\u00a0<\/span><span lang=\"FR-CA\">et la perturbation de leurs activit\u00e9s<\/span><span lang=\"FR-CA\">. Nos\u00a0polices\u00a0peuvent couvrir les risques encourus\u00a0<\/span><span lang=\"FR-CA\">l\u2019Assur\u00e9 et ses clients<\/span><span lang=\"FR-CA\">, notamment\u00a0<\/span><span lang=\"FR-CA\">les pertes d\u2019exploitation<\/span><span lang=\"FR-CA\">,\u00a0<wbr \/>cyberextorsion,\u00a0l\u2019ing\u00e9nierie sociale,\u00a0<\/span><span lang=\"FR-CA\">ainsi que les frais, amendes et p\u00e9nalit\u00e9s en cas d\u2019atteinte \u00e0 la confidentialit\u00e9 ou la s\u00e9curit\u00e9 des r\u00e9seaux, pour en citer quelques-uns<\/span><span lang=\"FR-CA\">.<\/span><\/p>\n<p>[\/et_pb_text][\/et_pb_column][et_pb_column type=\u00a0\u00bb1_2&Prime; _builder_version=\u00a0\u00bb4.27.2&Prime; _module_preset=\u00a0\u00bbdefault\u00a0\u00bb global_colors_info=\u00a0\u00bb{}\u00a0\u00bb][et_pb_heading title=\u00a0\u00bbAssurance E&#038;O pour les entreprises du secteur des technologie, cyberrisques inclus\u00a0\u00bb _builder_version=\u00a0\u00bb4.27.2&Prime; _module_preset=\u00a0\u00bbdefault\u00a0\u00bb custom_padding=\u00a0\u00bb10px||||false|false\u00a0\u00bb border_width_top=\u00a0\u00bb10px\u00a0\u00bb border_color_top=\u00a0\u00bbgcid-2ab7e996-1a85-43be-9cb7-b8bc4d042a68&Prime; locked=\u00a0\u00bboff\u00a0\u00bb global_colors_info=\u00a0\u00bb{%22gcid-2ab7e996-1a85-43be-9cb7-b8bc4d042a68%22:%91%22border_color_top%22%93,%22gcid-859a8f91-d2b5-4d31-89b1-6af363cca6c0%22:%91%22border_color_top%22%93}\u00a0\u00bb][\/et_pb_heading][et_pb_text _builder_version=\u00a0\u00bb4.27.2&Prime; _module_preset=\u00a0\u00bbdefault\u00a0\u00bb global_colors_info=\u00a0\u00bb{}\u00a0\u00bb]<\/p>\n<p>En plus de faire face aux risques traditionnels, les entreprises du secteur des technologies sont confront\u00e9es aux cyberrisques, simplement en raison de la nature de leurs activit\u00e9s. Notre assurance E&amp;O pour les entreprises du secteur des technologies offre une protection contre les risques d\u00e9coulant de la prestation de services professionnels et technologiques, ou encore de la responsabilit\u00e9 li\u00e9e \u00e0 la confidentialit\u00e9 et \u00e0 la s\u00e9curit\u00e9 des r\u00e9seaux, de la responsabilit\u00e9 multim\u00e9dia, des frais li\u00e9s au r\u00e8glement des incidents, de la cyber extorsion, de l\u2019interruption des activit\u00e9s et de l\u2019atteinte \u00e0 la r\u00e9putation. Cette gamme de produits vise \u00e0 prot\u00e9ger les actifs, les donn\u00e9es et la r\u00e9putation des entreprises.<\/p>\n<p>[\/et_pb_text][\/et_pb_column][\/et_pb_row][et_pb_row column_structure=\u00a0\u00bb1_2,1_2&Prime; _builder_version=\u00a0\u00bb4.27.2&Prime; _module_preset=\u00a0\u00bbdefault\u00a0\u00bb custom_margin=\u00a0\u00bb|auto|21px|auto||\u00a0\u00bb global_colors_info=\u00a0\u00bb{}\u00a0\u00bb][et_pb_column type=\u00a0\u00bb1_2&Prime; _builder_version=\u00a0\u00bb4.27.2&Prime; _module_preset=\u00a0\u00bbdefault\u00a0\u00bb global_colors_info=\u00a0\u00bb{}\u00a0\u00bb][et_pb_heading title=\u00a0\u00bbAssurance crime \u00a0\u00bb _builder_version=\u00a0\u00bb4.27.2&Prime; _module_preset=\u00a0\u00bbdefault\u00a0\u00bb custom_padding=\u00a0\u00bb10px||||false|false\u00a0\u00bb border_width_top=\u00a0\u00bb10px\u00a0\u00bb border_color_top=\u00a0\u00bbgcid-2ab7e996-1a85-43be-9cb7-b8bc4d042a68&Prime; locked=\u00a0\u00bboff\u00a0\u00bb global_colors_info=\u00a0\u00bb{%22gcid-2ab7e996-1a85-43be-9cb7-b8bc4d042a68%22:%91%22border_color_top%22%93,%22gcid-859a8f91-d2b5-4d31-89b1-6af363cca6c0%22:%91%22border_color_top%22%93}\u00a0\u00bb][\/et_pb_heading][et_pb_text _builder_version=\u00a0\u00bb4.27.2&Prime; _module_preset=\u00a0\u00bbdefault\u00a0\u00bb global_colors_info=\u00a0\u00bb{}\u00a0\u00bb]<\/p>\n<p>Tous les jours les entreprises perdent de l\u2019argent, des titres et d\u2019autres actifs. Nos contrats incluent des protections pour un large \u00e9ventail de crimes comme les d\u00e9tournements, la contrefa\u00e7on et la fraude, que ces crimes soient commis par des employ\u00e9s ou des tiers.<\/p>\n<p>[\/et_pb_text][\/et_pb_column][et_pb_column type=\u00a0\u00bb1_2&Prime; _builder_version=\u00a0\u00bb4.27.2&Prime; _module_preset=\u00a0\u00bbdefault\u00a0\u00bb global_colors_info=\u00a0\u00bb{}\u00a0\u00bb][\/et_pb_column][\/et_pb_row][et_pb_row _builder_version=\u00a0\u00bb4.27.2&Prime; _module_preset=\u00a0\u00bbdefault\u00a0\u00bb global_colors_info=\u00a0\u00bb{}\u00a0\u00bb][et_pb_column type=\u00a0\u00bb4_4&Prime; _builder_version=\u00a0\u00bb4.27.2&Prime; _module_preset=\u00a0\u00bbdefault\u00a0\u00bb global_colors_info=\u00a0\u00bb{}\u00a0\u00bb][et_pb_heading title=\u00a0\u00bbResponsable solutions professionnelles et financi\u00e8res :\u00a0\u00bb _builder_version=\u00a0\u00bb4.27.4&Prime; _module_preset=\u00a0\u00bbdefault\u00a0\u00bb title_level=\u00a0\u00bbh3&Prime; custom_margin=\u00a0\u00bb||||false|false\u00a0\u00bb custom_padding=\u00a0\u00bb||||false|false\u00a0\u00bb global_colors_info=\u00a0\u00bb{}\u00a0\u00bb][\/et_pb_heading][et_pb_team_member name=\u00a0\u00bbElizabeth Diotte\u00a0\u00bb position=\u00a0\u00bbVice-pr\u00e9sidente principale, Solutions professionnelles et financi\u00e8res \u00a0\u00bb _builder_version=\u00a0\u00bb4.27.4&Prime; _module_preset=\u00a0\u00bbdefault\u00a0\u00bb custom_padding=\u00a0\u00bb|||20px|false|false\u00a0\u00bb border_width_left=\u00a0\u00bb10px\u00a0\u00bb border_color_left=\u00a0\u00bbgcid-2ab7e996-1a85-43be-9cb7-b8bc4d042a68&Prime; locked=\u00a0\u00bboff\u00a0\u00bb global_colors_info=\u00a0\u00bb{%22gcid-2ab7e996-1a85-43be-9cb7-b8bc4d042a68%22:%91%22border_color_left%22%93}\u00a0\u00bb]<\/p>\n<p><a href=\"mailto:ediotte@tokiomarinecanada.com\">ediotte@tokiomarinecanada.com<\/a><\/p>\n<p>[\/et_pb_team_member][\/et_pb_column][\/et_pb_row][\/et_pb_section]<\/p>\n","protected":false},"excerpt":{"rendered":"<p>Les professionnels, les entreprises ferm\u00e9es et les organismes \u00e0 but non lucratif sont confront\u00e9s \u00e0 toutes sortes de risques qui peuvent avoir des cons\u00e9quences sur leur r\u00e9putation, leurs activit\u00e9s et leur sant\u00e9 financi\u00e8re. C\u2019est l\u00e0 que l\u2019\u00e9quipe Responsabilit\u00e9 professionnelle et solutions sp\u00e9cialis\u00e9es Tokio Maritime Canada entre en jeu. Notre \u00e9quipe exp\u00e9riment\u00e9e vous offre des conseils [&hellip;]<\/p>\n","protected":false},"author":10,"featured_media":0,"parent":1705,"menu_order":0,"comment_status":"closed","ping_status":"closed","template":"","meta":{"_et_pb_use_builder":"on","_et_pb_old_content":"<!-- wp:paragraph -->\r\n<p><strong>E&O<\/strong> - The Tokio Marine Errors & Omissions policies are designed to offer coverages to various types of professionals across the counselling, consulting, and service professions, on both a primary and excess basis. We are open to new risks and professions in addition to our focus on the following classes of professionals:<\/p>\r\n<!-- \/wp:paragraph -->\r\n\r\n<!-- wp:list -->\r\n<ul><li>Advertising\/Marketing Agencies<\/li><li>Bookkeepers\/Tax Preparers<\/li><li>Call Centers<\/li><li>Consultants<\/li><li>Employment\/Recruitment Agencies<\/li><li>Event Planners<\/li><li>Human Resource Consultants<\/li><li>Interior Designers<\/li><li>Interpreters\/Translators<\/li><li>Law Firms on an excess basis<\/li><li>Market Researchers<\/li><li>Mediator\/Arbitrator<\/li><li>Counselling and coaching services<\/li><li>Printers<\/li><li>Property Managers<\/li><li>Training Providers\/Consultants<\/li><li>Title Searchers<\/li><li>Transcription Services<\/li><\/ul>\r\n<!-- \/wp:list -->\r\n\r\n<!-- wp:paragraph -->\r\n<p><strong>Directors and Officers: <\/strong>\u00a0Tokio Marine offers sub limits for Employed Lawyers Claims, Workplace Violence Event Expenses, Investigative Costs, Crisis Management Expenses.\u00a0 We also offer Employment Practices Liability including sub limits for Wage and Hour Law Claims.\u00a0 Fiduciary liability is also available.<\/p>\r\n<!-- \/wp:paragraph -->\r\n\r\n<!-- wp:list -->\r\n<ul><li>Private and non-profit organizations<\/li><li>Excess on small cap Canadian traded companies<\/li><\/ul>\r\n<!-- \/wp:list -->\r\n\r\n<!-- wp:paragraph -->\r\n<p><strong>Crime: <\/strong>Available coverage includes<\/p>\r\n<!-- \/wp:paragraph -->\r\n\r\n<!-- wp:table -->\r\n<figure class=\"wp-block-table\"><table><tbody><tr><td>Employee Theft Coverage<\/td><\/tr><tr><td>Client Property Coverage<\/td><\/tr><tr><td>Premises Coverage<\/td><\/tr><tr><td>In Transit Coverage<\/td><\/tr><tr><td>Forgery or Alteration Coverage<\/td><\/tr><tr><td>Computer Fraud Coverage<\/td><\/tr><tr><td>Funds Transfer Fraud Coverage<\/td><\/tr><tr><td>Money Orders and Counterfeit Currency Coverage<\/td><\/tr><tr><td>Social Engineering Fraud Coverage<\/td><\/tr><tr><td>Telephone Fraud Coverage<\/td><\/tr><tr><td>Credit, Debit or Charge Cards Coverage<\/td><\/tr><tr><td>Expense Coverage<\/td><\/tr><\/tbody><\/table><\/figure>\r\n<!-- \/wp:table -->\r\n\r\n<!-- wp:paragraph -->\r\n<p><strong>Cyber<\/strong><\/p>\r\n<!-- \/wp:paragraph -->","_et_gb_content_width":"","footnotes":""},"class_list":["post-1713","page","type-page","status-publish","hentry"],"yoast_head":"<!-- This site is optimized with the Yoast SEO plugin v26.8 - https:\/\/yoast.com\/product\/yoast-seo-wordpress\/ -->\n<title>Assurance responsabilit\u00e9 professionnelle - Tokio Marine Canada Ltd.<\/title>\n<meta name=\"robots\" content=\"index, follow, max-snippet:-1, max-image-preview:large, max-video-preview:-1\" \/>\n<link rel=\"canonical\" href=\"https:\/\/tokiomarinecanada.com\/fr\/insurance-solutions\/professional-financial-solutions\/\" \/>\n<meta property=\"og:locale\" content=\"fr_CA\" \/>\n<meta property=\"og:type\" content=\"article\" \/>\n<meta property=\"og:title\" content=\"Assurance responsabilit\u00e9 professionnelle - Tokio Marine Canada Ltd.\" \/>\n<meta property=\"og:description\" content=\"Les professionnels, les entreprises ferm\u00e9es et les organismes \u00e0 but non lucratif sont confront\u00e9s \u00e0 toutes sortes de risques qui peuvent avoir des cons\u00e9quences sur leur r\u00e9putation, leurs activit\u00e9s et leur sant\u00e9 financi\u00e8re. C\u2019est l\u00e0 que l\u2019\u00e9quipe Responsabilit\u00e9 professionnelle et solutions sp\u00e9cialis\u00e9es Tokio Maritime Canada entre en jeu. Notre \u00e9quipe exp\u00e9riment\u00e9e vous offre des conseils [&hellip;]\" \/>\n<meta property=\"og:url\" content=\"https:\/\/tokiomarinecanada.com\/fr\/insurance-solutions\/professional-financial-solutions\/\" \/>\n<meta property=\"og:site_name\" content=\"Tokio Marine Canada Ltd.\" \/>\n<meta property=\"article:modified_time\" content=\"2025-02-10T19:40:08+00:00\" \/>\n<meta name=\"twitter:card\" content=\"summary_large_image\" \/>\n<meta name=\"twitter:label1\" content=\"Estimation du temps de lecture\" \/>\n\t<meta name=\"twitter:data1\" content=\"8 minutes\" \/>\n<script type=\"application\/ld+json\" class=\"yoast-schema-graph\">{\"@context\":\"https:\/\/schema.org\",\"@graph\":[{\"@type\":\"WebPage\",\"@id\":\"https:\/\/tokiomarinecanada.com\/fr\/insurance-solutions\/professional-financial-solutions\/\",\"url\":\"https:\/\/tokiomarinecanada.com\/fr\/insurance-solutions\/professional-financial-solutions\/\",\"name\":\"Assurance responsabilit\u00e9 professionnelle - Tokio Marine Canada Ltd.\",\"isPartOf\":{\"@id\":\"https:\/\/tokiomarinecanada.com\/fr\/#website\"},\"datePublished\":\"2022-03-10T19:22:59+00:00\",\"dateModified\":\"2025-02-10T19:40:08+00:00\",\"breadcrumb\":{\"@id\":\"https:\/\/tokiomarinecanada.com\/fr\/insurance-solutions\/professional-financial-solutions\/#breadcrumb\"},\"inLanguage\":\"fr-CA\",\"potentialAction\":[{\"@type\":\"ReadAction\",\"target\":[\"https:\/\/tokiomarinecanada.com\/fr\/insurance-solutions\/professional-financial-solutions\/\"]}]},{\"@type\":\"BreadcrumbList\",\"@id\":\"https:\/\/tokiomarinecanada.com\/fr\/insurance-solutions\/professional-financial-solutions\/#breadcrumb\",\"itemListElement\":[{\"@type\":\"ListItem\",\"position\":1,\"name\":\"Home\",\"item\":\"https:\/\/tokiomarinecanada.com\/fr\/\"},{\"@type\":\"ListItem\",\"position\":2,\"name\":\"Solutions d\u2019assurance\",\"item\":\"https:\/\/tokiomarinecanada.com\/fr\/insurance-solutions\/\"},{\"@type\":\"ListItem\",\"position\":3,\"name\":\"Assurance responsabilit\u00e9 professionnelle\"}]},{\"@type\":\"WebSite\",\"@id\":\"https:\/\/tokiomarinecanada.com\/fr\/#website\",\"url\":\"https:\/\/tokiomarinecanada.com\/fr\/\",\"name\":\"Tokio Marine Canada Ltd.\",\"description\":\"\",\"potentialAction\":[{\"@type\":\"SearchAction\",\"target\":{\"@type\":\"EntryPoint\",\"urlTemplate\":\"https:\/\/tokiomarinecanada.com\/fr\/?s={search_term_string}\"},\"query-input\":{\"@type\":\"PropertyValueSpecification\",\"valueRequired\":true,\"valueName\":\"search_term_string\"}}],\"inLanguage\":\"fr-CA\"}]}<\/script>\n<!-- \/ Yoast SEO plugin. -->","yoast_head_json":{"title":"Assurance responsabilit\u00e9 professionnelle - Tokio Marine Canada Ltd.","robots":{"index":"index","follow":"follow","max-snippet":"max-snippet:-1","max-image-preview":"max-image-preview:large","max-video-preview":"max-video-preview:-1"},"canonical":"https:\/\/tokiomarinecanada.com\/fr\/insurance-solutions\/professional-financial-solutions\/","og_locale":"fr_CA","og_type":"article","og_title":"Assurance responsabilit\u00e9 professionnelle - Tokio Marine Canada Ltd.","og_description":"Les professionnels, les entreprises ferm\u00e9es et les organismes \u00e0 but non lucratif sont confront\u00e9s \u00e0 toutes sortes de risques qui peuvent avoir des cons\u00e9quences sur leur r\u00e9putation, leurs activit\u00e9s et leur sant\u00e9 financi\u00e8re. C\u2019est l\u00e0 que l\u2019\u00e9quipe Responsabilit\u00e9 professionnelle et solutions sp\u00e9cialis\u00e9es Tokio Maritime Canada entre en jeu. Notre \u00e9quipe exp\u00e9riment\u00e9e vous offre des conseils [&hellip;]","og_url":"https:\/\/tokiomarinecanada.com\/fr\/insurance-solutions\/professional-financial-solutions\/","og_site_name":"Tokio Marine Canada Ltd.","article_modified_time":"2025-02-10T19:40:08+00:00","twitter_card":"summary_large_image","twitter_misc":{"Estimation du temps de lecture":"8 minutes"},"schema":{"@context":"https:\/\/schema.org","@graph":[{"@type":"WebPage","@id":"https:\/\/tokiomarinecanada.com\/fr\/insurance-solutions\/professional-financial-solutions\/","url":"https:\/\/tokiomarinecanada.com\/fr\/insurance-solutions\/professional-financial-solutions\/","name":"Assurance responsabilit\u00e9 professionnelle - Tokio Marine Canada Ltd.","isPartOf":{"@id":"https:\/\/tokiomarinecanada.com\/fr\/#website"},"datePublished":"2022-03-10T19:22:59+00:00","dateModified":"2025-02-10T19:40:08+00:00","breadcrumb":{"@id":"https:\/\/tokiomarinecanada.com\/fr\/insurance-solutions\/professional-financial-solutions\/#breadcrumb"},"inLanguage":"fr-CA","potentialAction":[{"@type":"ReadAction","target":["https:\/\/tokiomarinecanada.com\/fr\/insurance-solutions\/professional-financial-solutions\/"]}]},{"@type":"BreadcrumbList","@id":"https:\/\/tokiomarinecanada.com\/fr\/insurance-solutions\/professional-financial-solutions\/#breadcrumb","itemListElement":[{"@type":"ListItem","position":1,"name":"Home","item":"https:\/\/tokiomarinecanada.com\/fr\/"},{"@type":"ListItem","position":2,"name":"Solutions d\u2019assurance","item":"https:\/\/tokiomarinecanada.com\/fr\/insurance-solutions\/"},{"@type":"ListItem","position":3,"name":"Assurance responsabilit\u00e9 professionnelle"}]},{"@type":"WebSite","@id":"https:\/\/tokiomarinecanada.com\/fr\/#website","url":"https:\/\/tokiomarinecanada.com\/fr\/","name":"Tokio Marine Canada Ltd.","description":"","potentialAction":[{"@type":"SearchAction","target":{"@type":"EntryPoint","urlTemplate":"https:\/\/tokiomarinecanada.com\/fr\/?s={search_term_string}"},"query-input":{"@type":"PropertyValueSpecification","valueRequired":true,"valueName":"search_term_string"}}],"inLanguage":"fr-CA"}]}},"_links":{"self":[{"href":"https:\/\/tokiomarinecanada.com\/fr\/wp-json\/wp\/v2\/pages\/1713","targetHints":{"allow":["GET"]}}],"collection":[{"href":"https:\/\/tokiomarinecanada.com\/fr\/wp-json\/wp\/v2\/pages"}],"about":[{"href":"https:\/\/tokiomarinecanada.com\/fr\/wp-json\/wp\/v2\/types\/page"}],"author":[{"embeddable":true,"href":"https:\/\/tokiomarinecanada.com\/fr\/wp-json\/wp\/v2\/users\/10"}],"replies":[{"embeddable":true,"href":"https:\/\/tokiomarinecanada.com\/fr\/wp-json\/wp\/v2\/comments?post=1713"}],"version-history":[{"count":0,"href":"https:\/\/tokiomarinecanada.com\/fr\/wp-json\/wp\/v2\/pages\/1713\/revisions"}],"up":[{"embeddable":true,"href":"https:\/\/tokiomarinecanada.com\/fr\/wp-json\/wp\/v2\/pages\/1705"}],"wp:attachment":[{"href":"https:\/\/tokiomarinecanada.com\/fr\/wp-json\/wp\/v2\/media?parent=1713"}],"curies":[{"name":"wp","href":"https:\/\/api.w.org\/{rel}","templated":true}]}}