{"id":1718,"date":"2024-10-07T20:20:36","date_gmt":"2024-10-07T20:20:36","guid":{"rendered":"https:\/\/tokiomarinecanada.com\/surety\/contract-surety\/"},"modified":"2025-01-31T21:44:14","modified_gmt":"2025-01-31T21:44:14","slug":"contract-surety","status":"publish","type":"page","link":"https:\/\/tokiomarinecanada.com\/fr\/surety\/contract-surety\/","title":{"rendered":"Cautionnement de contrat"},"content":{"rendered":"<p>[et_pb_section fb_built=\u00a0\u00bb1&Prime; fullwidth=\u00a0\u00bbon\u00a0\u00bb _builder_version=\u00a0\u00bb4.27.2&Prime; _module_preset=\u00a0\u00bbdefault\u00a0\u00bb box_shadow_style=\u00a0\u00bbpreset1&Prime; locked=\u00a0\u00bboff\u00a0\u00bb global_colors_info=\u00a0\u00bb{}\u00a0\u00bb][et_pb_fullwidth_header title=\u00a0\u00bbConseils d\u2019experts pour les solutions de cautionnement de contrat\u00a0\u00bb _builder_version=\u00a0\u00bb4.27.2&Prime; _module_preset=\u00a0\u00bbdefault\u00a0\u00bb title_font=\u00a0\u00bb|800||on|||||\u00a0\u00bb title_text_color=\u00a0\u00bb#FFFFFF\u00a0\u00bb title_font_size=\u00a0\u00bb50px\u00a0\u00bb content_text_color=\u00a0\u00bb#FFFFFF\u00a0\u00bb background_color=\u00a0\u00bbgcid-heading-color\u00a0\u00bb background_image=\u00a0\u00bbhttps:\/\/tokiomarinecanada.com\/wp-content\/uploads\/2024\/10\/General-contractor-looking-at-architectural-drawings-1-scaled.jpeg\u00a0\u00bb background_enable_mask_style=\u00a0\u00bbon\u00a0\u00bb background_mask_style=\u00a0\u00bbtriangles\u00a0\u00bb background_mask_size=\u00a0\u00bbcover\u00a0\u00bb background_mask_position=\u00a0\u00bbcenter_right\u00a0\u00bb custom_button_one=\u00a0\u00bbon\u00a0\u00bb button_one_text_color=\u00a0\u00bb#ffffff\u00a0\u00bb button_one_bg_color=\u00a0\u00bb#267aab\u00a0\u00bb button_one_font=\u00a0\u00bb|800||on|||||\u00a0\u00bb background_layout=\u00a0\u00bblight\u00a0\u00bb custom_padding=\u00a0\u00bb100px||100px||false|false\u00a0\u00bb custom_padding_tablet=\u00a0\u00bb||||false|false\u00a0\u00bb custom_padding_phone=\u00a0\u00bb||||false|false\u00a0\u00bb custom_padding_last_edited=\u00a0\u00bbon|phone\u00a0\u00bb background_last_edited=\u00a0\u00bbon|phone\u00a0\u00bb background_mask_size_phone=\u00a0\u00bbcover\u00a0\u00bb background_mask_width_phone=\u00a0\u00bb100%\u00a0\u00bb background_mask_height_phone=\u00a0\u00bb100%\u00a0\u00bb custom_css_free_form=\u00a0\u00bb||.et_pb_background_mask {||    background-image: url(%22\/wp-content\/themes\/tokiomarinecanada\/images\/mask-solid.svg%22) !important;||  opacity: 0.3;||}||\u00a0\u00bb custom_css_header_container=\u00a0\u00bbmax-width: 1080px;\u00a0\u00bb title_text_shadow_style=\u00a0\u00bbpreset3&Prime; title_text_shadow_blur_strength=\u00a0\u00bb0.22em\u00a0\u00bb title_text_shadow_color=\u00a0\u00bbrgba(0,0,0,0.8)\u00a0\u00bb title_text_shadow_color_tablet=\u00a0\u00bbrgba(0,0,0,0.8)\u00a0\u00bb title_text_shadow_color_phone=\u00a0\u00bbrgba(0,0,0,0.8)\u00a0\u00bb title_text_shadow_color_last_edited=\u00a0\u00bbon|desktop\u00a0\u00bb content_text_shadow_style=\u00a0\u00bbpreset3&Prime; content_text_shadow_color=\u00a0\u00bbrgba(0,0,0,0.8)\u00a0\u00bb global_colors_info=\u00a0\u00bb{%22gcid-heading-color%22:%91%22background_color%22%93}\u00a0\u00bb][\/et_pb_fullwidth_header][\/et_pb_section][et_pb_section fb_built=\u00a0\u00bb1&Prime; _builder_version=\u00a0\u00bb4.27.2&Prime; _module_preset=\u00a0\u00bbdefault\u00a0\u00bb global_colors_info=\u00a0\u00bb{}\u00a0\u00bb][et_pb_row _builder_version=\u00a0\u00bb4.27.2&Prime; _module_preset=\u00a0\u00bbdefault\u00a0\u00bb global_colors_info=\u00a0\u00bb{}\u00a0\u00bb][et_pb_column type=\u00a0\u00bb4_4&Prime; _builder_version=\u00a0\u00bb4.27.2&Prime; _module_preset=\u00a0\u00bbdefault\u00a0\u00bb global_colors_info=\u00a0\u00bb{}\u00a0\u00bb][\/et_pb_column][\/et_pb_row][et_pb_row _builder_version=\u00a0\u00bb4.27.2&Prime; _module_preset=\u00a0\u00bbdefault\u00a0\u00bb locked=\u00a0\u00bboff\u00a0\u00bb global_colors_info=\u00a0\u00bb{}\u00a0\u00bb][et_pb_column type=\u00a0\u00bb4_4&Prime; _builder_version=\u00a0\u00bb4.27.2&Prime; _module_preset=\u00a0\u00bbdefault\u00a0\u00bb global_colors_info=\u00a0\u00bb{}\u00a0\u00bb][et_pb_text _builder_version=\u00a0\u00bb4.27.2&Prime; _module_preset=\u00a0\u00bbdefault\u00a0\u00bb global_colors_info=\u00a0\u00bb{}\u00a0\u00bb]<\/p>\n<p>Les cautionnements contractuels sont essentiels pour assurer l\u2019ach\u00e8vement d\u2019un projet dans le cas o\u00f9 des difficult\u00e9s impr\u00e9vues devraient survenir. Qu\u2019il s\u2019agisse du domaine de la construction, de l\u2019approvisionnement ou de tout autre secteur assujetti \u00e0 des obligations contractuelles, l\u2019\u00e9quipe Solutions de cautionnement de TMCan poss\u00e8de une large exp\u00e9rience ainsi qu\u2019une connaissance approfondie de l&rsquo;industrie, toutes deux n\u00e9cessaires pour soutenir la croissance des petites et moyennes entreprises tout en relevant les d\u00e9fis constants qui se pr\u00e9sentent. En offrant une approche entrepreneuriale et des conseils d&rsquo;experts, nous aidons les entrepreneurs \u00e0 d\u00e9velopper leur entreprise avec succ\u00e8s, tout en fournissant la protection et les garanties essentielles dont les parties prenantes ont besoin tout au long du cycle de vie du projet.<\/p>\n<p>[\/et_pb_text][\/et_pb_column][\/et_pb_row][et_pb_row column_structure=\u00a0\u00bb1_2,1_2&Prime; _builder_version=\u00a0\u00bb4.27.2&Prime; _module_preset=\u00a0\u00bbdefault\u00a0\u00bb custom_margin=\u00a0\u00bb|auto|3px|auto||\u00a0\u00bb custom_padding=\u00a0\u00bb||24px|||\u00a0\u00bb locked=\u00a0\u00bboff\u00a0\u00bb global_colors_info=\u00a0\u00bb{}\u00a0\u00bb][et_pb_column type=\u00a0\u00bb1_2&Prime; _builder_version=\u00a0\u00bb4.27.2&Prime; _module_preset=\u00a0\u00bbdefault\u00a0\u00bb global_colors_info=\u00a0\u00bb{}\u00a0\u00bb][et_pb_heading title=\u00a0\u00bbSolutions de cautionnement de contrat\u00a0\u00bb _builder_version=\u00a0\u00bb4.27.4&Prime; _module_preset=\u00a0\u00bbdefault\u00a0\u00bb title_level=\u00a0\u00bbh2&Prime; custom_padding=\u00a0\u00bb||1px|||\u00a0\u00bb global_colors_info=\u00a0\u00bb{}\u00a0\u00bb][\/et_pb_heading][et_pb_text _builder_version=\u00a0\u00bb4.27.2&Prime; _module_preset=\u00a0\u00bbdefault\u00a0\u00bb global_colors_info=\u00a0\u00bb{}\u00a0\u00bb]<\/p>\n<ul>\n<li><span>Entrepreneur g\u00e9n\u00e9ral<\/span><\/li>\n<li><span>Entrepreneurs en g\u00e9nie civil et en g\u00e9nie civil lourd<\/span><\/li>\n<li><span>Sous-traitants<\/span><\/li>\n<li><span>Entrepreneurs en gestion des d\u00e9chets\/ recyclage<\/span><\/li>\n<li><span>Entrepreneurs de services (d\u00e9neigement, s\u00e9curit\u00e9, entretien m\u00e9nager, etc.)<\/span><\/li>\n<li><span>Entrepreneurs en fabrication<\/span><\/li>\n<\/ul>\n<p>[\/et_pb_text][\/et_pb_column][et_pb_column type=\u00a0\u00bb1_2&Prime; _builder_version=\u00a0\u00bb4.27.2&Prime; _module_preset=\u00a0\u00bbdefault\u00a0\u00bb global_colors_info=\u00a0\u00bb{}\u00a0\u00bb][et_pb_heading title=\u00a0\u00bbVoici les diff\u00e9rents cautionnements offerts :\u00a0\u00bb _builder_version=\u00a0\u00bb4.27.4&Prime; _module_preset=\u00a0\u00bbdefault\u00a0\u00bb title_level=\u00a0\u00bbh2&Prime; custom_padding=\u00a0\u00bb||1px|||\u00a0\u00bb global_colors_info=\u00a0\u00bb{}\u00a0\u00bb][\/et_pb_heading][et_pb_text _builder_version=\u00a0\u00bb4.27.2&Prime; _module_preset=\u00a0\u00bbdefault\u00a0\u00bb global_colors_info=\u00a0\u00bb{}\u00a0\u00bb]<\/p>\n<ul>\n<li><span>Cautionnements de soumission<\/span><\/li>\n<li><span>Lettre d\u2019indention\/Lettre de consentement <\/span><\/li>\n<li><span>Cautionnements d\u2019ex\u00e9cution<\/span><\/li>\n<li><span>Cautionnements de paiement de la main-d\u2019\u0153uvre et des mat\u00e9riaux<\/span><\/li>\n<li><span>Cautionnements d\u2019entretien<\/span><\/li>\n<li><span>Cautionnements de lib\u00e9ration de retenue de garantie<\/span><\/li>\n<li><span>Cautionnements de fournisseur<\/span><\/li>\n<li><span>Cautionnements de garantie de paiement<\/span><\/li>\n<li>Autres cautionnements<\/li>\n<\/ul>\n<p>[\/et_pb_text][\/et_pb_column][\/et_pb_row][et_pb_row _builder_version=\u00a0\u00bb4.27.2&Prime; _module_preset=\u00a0\u00bbdefault\u00a0\u00bb locked=\u00a0\u00bboff\u00a0\u00bb global_colors_info=\u00a0\u00bb{}\u00a0\u00bb][et_pb_column type=\u00a0\u00bb4_4&Prime; _builder_version=\u00a0\u00bb4.27.2&Prime; _module_preset=\u00a0\u00bbdefault\u00a0\u00bb global_colors_info=\u00a0\u00bb{}\u00a0\u00bb][et_pb_heading title=\u00a0\u00bbPour les demandes d&rsquo;ordre g\u00e9n\u00e9ral \u00e0 propos des produits de cautionnement :\u00a0\u00bb _builder_version=\u00a0\u00bb4.27.4&Prime; _module_preset=\u00a0\u00bbdefault\u00a0\u00bb title_level=\u00a0\u00bbh3&Prime; custom_margin=\u00a0\u00bb||||false|false\u00a0\u00bb custom_padding=\u00a0\u00bb||||false|false\u00a0\u00bb global_colors_info=\u00a0\u00bb{}\u00a0\u00bb][\/et_pb_heading][et_pb_team_member name=\u00a0\u00bbL&rsquo;\u00e9quipe de soutien aux solutions de cautionnement\u00a0\u00bb _builder_version=\u00a0\u00bb4.27.4&Prime; _module_preset=\u00a0\u00bbdefault\u00a0\u00bb custom_padding=\u00a0\u00bb||25px|20px|false|false\u00a0\u00bb border_width_left=\u00a0\u00bb10px\u00a0\u00bb border_color_left=\u00a0\u00bbgcid-2ab7e996-1a85-43be-9cb7-b8bc4d042a68&Prime; locked=\u00a0\u00bboff\u00a0\u00bb global_colors_info=\u00a0\u00bb{%22gcid-2ab7e996-1a85-43be-9cb7-b8bc4d042a68%22:%91%22border_color_left%22%93}\u00a0\u00bb]<\/p>\n<p><a href=\"mailto:suretysupport@tokiomarinecanada.com\">suretysupport@tokiomarinecanada.com<\/a><\/p>\n<p>[\/et_pb_team_member][\/et_pb_column][\/et_pb_row][\/et_pb_section]<\/p>\n","protected":false},"excerpt":{"rendered":"<p>Les cautionnements contractuels sont essentiels pour assurer l\u2019ach\u00e8vement d\u2019un projet dans le cas o\u00f9 des difficult\u00e9s impr\u00e9vues devraient survenir. Qu\u2019il s\u2019agisse du domaine de la construction, de l\u2019approvisionnement ou de tout autre secteur assujetti \u00e0 des obligations contractuelles, l\u2019\u00e9quipe Solutions de cautionnement de TMCan poss\u00e8de une large exp\u00e9rience ainsi qu\u2019une connaissance approfondie de l&rsquo;industrie, toutes [&hellip;]<\/p>\n","protected":false},"author":10,"featured_media":0,"parent":1715,"menu_order":0,"comment_status":"closed","ping_status":"closed","template":"","meta":{"_et_pb_use_builder":"on","_et_pb_old_content":"<!-- wp:divi\/placeholder \/-->","_et_gb_content_width":"","footnotes":""},"class_list":["post-1718","page","type-page","status-publish","hentry"],"yoast_head":"<!-- This site is optimized with the Yoast SEO plugin v26.8 - https:\/\/yoast.com\/product\/yoast-seo-wordpress\/ -->\n<title>Cautionnement de contrat - Tokio Marine Canada Ltd.<\/title>\n<meta name=\"robots\" content=\"index, follow, max-snippet:-1, max-image-preview:large, max-video-preview:-1\" \/>\n<link rel=\"canonical\" href=\"https:\/\/tokiomarinecanada.com\/fr\/surety\/contract-surety\/\" \/>\n<meta property=\"og:locale\" content=\"fr_CA\" \/>\n<meta property=\"og:type\" content=\"article\" \/>\n<meta property=\"og:title\" content=\"Cautionnement de contrat - Tokio Marine Canada Ltd.\" \/>\n<meta property=\"og:description\" content=\"Les cautionnements contractuels sont essentiels pour assurer l\u2019ach\u00e8vement d\u2019un projet dans le cas o\u00f9 des difficult\u00e9s impr\u00e9vues devraient survenir. Qu\u2019il s\u2019agisse du domaine de la construction, de l\u2019approvisionnement ou de tout autre secteur assujetti \u00e0 des obligations contractuelles, l\u2019\u00e9quipe Solutions de cautionnement de TMCan poss\u00e8de une large exp\u00e9rience ainsi qu\u2019une connaissance approfondie de l&#039;industrie, toutes [&hellip;]\" \/>\n<meta property=\"og:url\" content=\"https:\/\/tokiomarinecanada.com\/fr\/surety\/contract-surety\/\" \/>\n<meta property=\"og:site_name\" content=\"Tokio Marine Canada Ltd.\" \/>\n<meta property=\"article:modified_time\" content=\"2025-01-31T21:44:14+00:00\" \/>\n<meta name=\"twitter:card\" content=\"summary_large_image\" \/>\n<meta name=\"twitter:label1\" content=\"Estimation du temps de lecture\" \/>\n\t<meta name=\"twitter:data1\" content=\"4 minutes\" \/>\n<script type=\"application\/ld+json\" class=\"yoast-schema-graph\">{\"@context\":\"https:\/\/schema.org\",\"@graph\":[{\"@type\":\"WebPage\",\"@id\":\"https:\/\/tokiomarinecanada.com\/fr\/surety\/contract-surety\/\",\"url\":\"https:\/\/tokiomarinecanada.com\/fr\/surety\/contract-surety\/\",\"name\":\"Cautionnement de contrat - Tokio Marine Canada Ltd.\",\"isPartOf\":{\"@id\":\"https:\/\/tokiomarinecanada.com\/fr\/#website\"},\"datePublished\":\"2024-10-07T20:20:36+00:00\",\"dateModified\":\"2025-01-31T21:44:14+00:00\",\"breadcrumb\":{\"@id\":\"https:\/\/tokiomarinecanada.com\/fr\/surety\/contract-surety\/#breadcrumb\"},\"inLanguage\":\"fr-CA\",\"potentialAction\":[{\"@type\":\"ReadAction\",\"target\":[\"https:\/\/tokiomarinecanada.com\/fr\/surety\/contract-surety\/\"]}]},{\"@type\":\"BreadcrumbList\",\"@id\":\"https:\/\/tokiomarinecanada.com\/fr\/surety\/contract-surety\/#breadcrumb\",\"itemListElement\":[{\"@type\":\"ListItem\",\"position\":1,\"name\":\"Home\",\"item\":\"https:\/\/tokiomarinecanada.com\/fr\/\"},{\"@type\":\"ListItem\",\"position\":2,\"name\":\"Solutions de cautionnement\",\"item\":\"https:\/\/tokiomarinecanada.com\/fr\/surety\/\"},{\"@type\":\"ListItem\",\"position\":3,\"name\":\"Cautionnement de contrat\"}]},{\"@type\":\"WebSite\",\"@id\":\"https:\/\/tokiomarinecanada.com\/fr\/#website\",\"url\":\"https:\/\/tokiomarinecanada.com\/fr\/\",\"name\":\"Tokio Marine Canada Ltd.\",\"description\":\"\",\"potentialAction\":[{\"@type\":\"SearchAction\",\"target\":{\"@type\":\"EntryPoint\",\"urlTemplate\":\"https:\/\/tokiomarinecanada.com\/fr\/?s={search_term_string}\"},\"query-input\":{\"@type\":\"PropertyValueSpecification\",\"valueRequired\":true,\"valueName\":\"search_term_string\"}}],\"inLanguage\":\"fr-CA\"}]}<\/script>\n<!-- \/ Yoast SEO plugin. -->","yoast_head_json":{"title":"Cautionnement de contrat - Tokio Marine Canada Ltd.","robots":{"index":"index","follow":"follow","max-snippet":"max-snippet:-1","max-image-preview":"max-image-preview:large","max-video-preview":"max-video-preview:-1"},"canonical":"https:\/\/tokiomarinecanada.com\/fr\/surety\/contract-surety\/","og_locale":"fr_CA","og_type":"article","og_title":"Cautionnement de contrat - Tokio Marine Canada Ltd.","og_description":"Les cautionnements contractuels sont essentiels pour assurer l\u2019ach\u00e8vement d\u2019un projet dans le cas o\u00f9 des difficult\u00e9s impr\u00e9vues devraient survenir. Qu\u2019il s\u2019agisse du domaine de la construction, de l\u2019approvisionnement ou de tout autre secteur assujetti \u00e0 des obligations contractuelles, l\u2019\u00e9quipe Solutions de cautionnement de TMCan poss\u00e8de une large exp\u00e9rience ainsi qu\u2019une connaissance approfondie de l'industrie, toutes [&hellip;]","og_url":"https:\/\/tokiomarinecanada.com\/fr\/surety\/contract-surety\/","og_site_name":"Tokio Marine Canada Ltd.","article_modified_time":"2025-01-31T21:44:14+00:00","twitter_card":"summary_large_image","twitter_misc":{"Estimation du temps de lecture":"4 minutes"},"schema":{"@context":"https:\/\/schema.org","@graph":[{"@type":"WebPage","@id":"https:\/\/tokiomarinecanada.com\/fr\/surety\/contract-surety\/","url":"https:\/\/tokiomarinecanada.com\/fr\/surety\/contract-surety\/","name":"Cautionnement de contrat - Tokio Marine Canada Ltd.","isPartOf":{"@id":"https:\/\/tokiomarinecanada.com\/fr\/#website"},"datePublished":"2024-10-07T20:20:36+00:00","dateModified":"2025-01-31T21:44:14+00:00","breadcrumb":{"@id":"https:\/\/tokiomarinecanada.com\/fr\/surety\/contract-surety\/#breadcrumb"},"inLanguage":"fr-CA","potentialAction":[{"@type":"ReadAction","target":["https:\/\/tokiomarinecanada.com\/fr\/surety\/contract-surety\/"]}]},{"@type":"BreadcrumbList","@id":"https:\/\/tokiomarinecanada.com\/fr\/surety\/contract-surety\/#breadcrumb","itemListElement":[{"@type":"ListItem","position":1,"name":"Home","item":"https:\/\/tokiomarinecanada.com\/fr\/"},{"@type":"ListItem","position":2,"name":"Solutions de cautionnement","item":"https:\/\/tokiomarinecanada.com\/fr\/surety\/"},{"@type":"ListItem","position":3,"name":"Cautionnement de contrat"}]},{"@type":"WebSite","@id":"https:\/\/tokiomarinecanada.com\/fr\/#website","url":"https:\/\/tokiomarinecanada.com\/fr\/","name":"Tokio Marine Canada Ltd.","description":"","potentialAction":[{"@type":"SearchAction","target":{"@type":"EntryPoint","urlTemplate":"https:\/\/tokiomarinecanada.com\/fr\/?s={search_term_string}"},"query-input":{"@type":"PropertyValueSpecification","valueRequired":true,"valueName":"search_term_string"}}],"inLanguage":"fr-CA"}]}},"_links":{"self":[{"href":"https:\/\/tokiomarinecanada.com\/fr\/wp-json\/wp\/v2\/pages\/1718","targetHints":{"allow":["GET"]}}],"collection":[{"href":"https:\/\/tokiomarinecanada.com\/fr\/wp-json\/wp\/v2\/pages"}],"about":[{"href":"https:\/\/tokiomarinecanada.com\/fr\/wp-json\/wp\/v2\/types\/page"}],"author":[{"embeddable":true,"href":"https:\/\/tokiomarinecanada.com\/fr\/wp-json\/wp\/v2\/users\/10"}],"replies":[{"embeddable":true,"href":"https:\/\/tokiomarinecanada.com\/fr\/wp-json\/wp\/v2\/comments?post=1718"}],"version-history":[{"count":0,"href":"https:\/\/tokiomarinecanada.com\/fr\/wp-json\/wp\/v2\/pages\/1718\/revisions"}],"up":[{"embeddable":true,"href":"https:\/\/tokiomarinecanada.com\/fr\/wp-json\/wp\/v2\/pages\/1715"}],"wp:attachment":[{"href":"https:\/\/tokiomarinecanada.com\/fr\/wp-json\/wp\/v2\/media?parent=1718"}],"curies":[{"name":"wp","href":"https:\/\/api.w.org\/{rel}","templated":true}]}}