{"id":1724,"date":"2024-10-07T20:30:52","date_gmt":"2024-10-07T20:30:52","guid":{"rendered":"https:\/\/tokiomarinecanada.com\/specialty-risk-solutions\/deductible-buydown\/"},"modified":"2025-02-10T19:45:54","modified_gmt":"2025-02-10T19:45:54","slug":"deductible-buydown","status":"publish","type":"page","link":"https:\/\/tokiomarinecanada.com\/fr\/specialty-risk-solutions\/deductible-buydown\/","title":{"rendered":"R\u00e9duction de Franchise et d\u2019Indemnisation"},"content":{"rendered":"<p>[et_pb_section fb_built=\u00a0\u00bb1&Prime; fullwidth=\u00a0\u00bbon\u00a0\u00bb _builder_version=\u00a0\u00bb4.27.2&Prime; _module_preset=\u00a0\u00bbdefault\u00a0\u00bb box_shadow_style=\u00a0\u00bbpreset1&Prime; locked=\u00a0\u00bboff\u00a0\u00bb global_colors_info=\u00a0\u00bb{}\u00a0\u00bb][et_pb_fullwidth_header title=\u00a0\u00bbDES SOLUTIONS PERSONNALISABLES POUR AIDER LES ENTREPRISES \u00c0 SE REMETTRE SUR PIED\u00a0\u00bb _builder_version=\u00a0\u00bb4.27.2&Prime; _module_preset=\u00a0\u00bbdefault\u00a0\u00bb title_font=\u00a0\u00bb|800||on|||||\u00a0\u00bb title_text_color=\u00a0\u00bb#FFFFFF\u00a0\u00bb title_font_size=\u00a0\u00bb50px\u00a0\u00bb content_text_color=\u00a0\u00bb#FFFFFF\u00a0\u00bb background_color=\u00a0\u00bbgcid-heading-color\u00a0\u00bb background_image=\u00a0\u00bbhttps:\/\/tokiomarinecanada.com\/wp-content\/uploads\/2024\/10\/Deductible-Buydown.jpg\u00a0\u00bb background_enable_mask_style=\u00a0\u00bbon\u00a0\u00bb background_mask_style=\u00a0\u00bbtriangles\u00a0\u00bb background_mask_size=\u00a0\u00bbcover\u00a0\u00bb background_mask_position=\u00a0\u00bbcenter_right\u00a0\u00bb custom_button_one=\u00a0\u00bbon\u00a0\u00bb button_one_text_color=\u00a0\u00bb#ffffff\u00a0\u00bb button_one_bg_color=\u00a0\u00bb#267aab\u00a0\u00bb button_one_font=\u00a0\u00bb|800||on|||||\u00a0\u00bb background_layout=\u00a0\u00bblight\u00a0\u00bb custom_padding=\u00a0\u00bb100px||100px||false|false\u00a0\u00bb custom_padding_tablet=\u00a0\u00bb||||false|false\u00a0\u00bb custom_padding_phone=\u00a0\u00bb||||false|false\u00a0\u00bb custom_padding_last_edited=\u00a0\u00bbon|phone\u00a0\u00bb background_last_edited=\u00a0\u00bbon|phone\u00a0\u00bb background_mask_size_phone=\u00a0\u00bbcover\u00a0\u00bb background_mask_width_phone=\u00a0\u00bb100%\u00a0\u00bb background_mask_height_phone=\u00a0\u00bb100%\u00a0\u00bb custom_css_free_form=\u00a0\u00bb||.et_pb_background_mask {||    background-image: url(%22\/wp-content\/themes\/tokiomarinecanada\/images\/mask-solid.svg%22) !important;||  opacity: 0.3;||}||\u00a0\u00bb custom_css_header_container=\u00a0\u00bbmax-width: 1080px;\u00a0\u00bb title_text_shadow_style=\u00a0\u00bbpreset3&Prime; title_text_shadow_blur_strength=\u00a0\u00bb0.22em\u00a0\u00bb title_text_shadow_color=\u00a0\u00bbrgba(0,0,0,0.8)\u00a0\u00bb title_text_shadow_color_tablet=\u00a0\u00bbrgba(0,0,0,0.8)\u00a0\u00bb title_text_shadow_color_phone=\u00a0\u00bbrgba(0,0,0,0.8)\u00a0\u00bb title_text_shadow_color_last_edited=\u00a0\u00bbon|desktop\u00a0\u00bb content_text_shadow_style=\u00a0\u00bbpreset3&Prime; content_text_shadow_color=\u00a0\u00bbrgba(0,0,0,0.8)\u00a0\u00bb global_colors_info=\u00a0\u00bb{%22gcid-heading-color%22:%91%22background_color%22%93}\u00a0\u00bb][\/et_pb_fullwidth_header][\/et_pb_section][et_pb_section fb_built=\u00a0\u00bb1&Prime; _builder_version=\u00a0\u00bb4.27.2&Prime; _module_preset=\u00a0\u00bbdefault\u00a0\u00bb global_colors_info=\u00a0\u00bb{}\u00a0\u00bb][et_pb_row _builder_version=\u00a0\u00bb4.27.2&Prime; _module_preset=\u00a0\u00bbdefault\u00a0\u00bb global_colors_info=\u00a0\u00bb{}\u00a0\u00bb][et_pb_column type=\u00a0\u00bb4_4&Prime; _builder_version=\u00a0\u00bb4.27.2&Prime; _module_preset=\u00a0\u00bbdefault\u00a0\u00bb global_colors_info=\u00a0\u00bb{}\u00a0\u00bb][\/et_pb_column][\/et_pb_row][et_pb_row _builder_version=\u00a0\u00bb4.27.2&Prime; _module_preset=\u00a0\u00bbdefault\u00a0\u00bb custom_padding=\u00a0\u00bb2px|||||\u00a0\u00bb locked=\u00a0\u00bboff\u00a0\u00bb global_colors_info=\u00a0\u00bb{}\u00a0\u00bb][et_pb_column type=\u00a0\u00bb4_4&Prime; _builder_version=\u00a0\u00bb4.27.2&Prime; _module_preset=\u00a0\u00bbdefault\u00a0\u00bb global_colors_info=\u00a0\u00bb{}\u00a0\u00bb][et_pb_text _builder_version=\u00a0\u00bb4.27.2&Prime; _module_preset=\u00a0\u00bbdefault\u00a0\u00bb global_colors_info=\u00a0\u00bb{}\u00a0\u00bb]<\/p>\n<p>Nous comprenons que les d\u00e9penses impr\u00e9vues peuvent perturber les entreprises et alourdir leurs finances. C\u2019est pourquoi notre solution de r\u00e9duction de franchise et d\u2019indemnisation a \u00e9t\u00e9 con\u00e7ue pour apporter aux clients une tranquillit\u00e9 d\u2019esprit en minimisant les frais de remboursement des r\u00e9clamations impr\u00e9vues. Chez Tokio Maritime Canada, les membres de notre \u00e9quipe des risques sp\u00e9cialis\u00e9s collaborent avec les courtiers et leurs clients pour d\u00e9terminer un montant de franchise n\u00e9cessaire pour faire face \u00e0 l\u2019impr\u00e9vu.<\/p>\n<p>En se dotant de la r\u00e9duction de franchise et d\u2019indemnisation, les entreprises prennent le contr\u00f4le de leur niveau de franchise, ce qui leur permet de g\u00e9rer les d\u00e9penses impr\u00e9vues en toute confiance. TMCan offre un programme complet de r\u00e9duction de franchise et d\u2019indemnisation et de protection en cas d\u2019immobilisation couvrant notamment les arr\u00eats de travail d\u00fbs \u00e0 un accident, les radiations et le vol afin d\u2019aider les entreprises \u00e0 att\u00e9nuer les perturbations et \u00e0 reprendre leurs activit\u00e9s facilement.<\/p>\n<p><strong>Caract\u00e9ristiques de l\u2019assurance\u202f:<\/strong><\/p>\n<p>&nbsp;<\/p>\n<ul>\n<li>R\u00e9duction de franchise et d\u2019indemnisation\u202f: les entreprises obtiennent un remboursement de la diff\u00e9rence entre le montant de la franchise et celui de la r\u00e9duction.<\/li>\n<li>Protection en cas d\u2019immobilisation \u202f: protection compl\u00e8te face aux d\u00e9penses impr\u00e9vues en cas d\u2019arr\u00eat de travail d\u00fb \u00e0 un accident ou une panne m\u00e9canique.<\/li>\n<li>Protection contre les radiations et le vol\u202f: les entreprises obtiennent une indemnit\u00e9 forfaitaire si un v\u00e9hicule est consid\u00e9r\u00e9 comme vol\u00e9 ou que son co\u00fbt doit \u00eatre radi\u00e9.<\/li>\n<li>Services de remorquage\u202f: les entreprises obtiennent un remboursement des frais de remorquage li\u00e9s \u00e0 un accident ou une panne m\u00e9canique.<\/li>\n<\/ul>\n<p>&nbsp;<\/p>\n<p>Votre entreprise s\u2019int\u00e9resse \u00e0 l\u2019assurance de r\u00e9duction de franchise et d\u2019indemnisation? Communiquez avec votre courtier d\u2019assurance pour en savoir plus.<\/p>\n<p>[\/et_pb_text][\/et_pb_column][\/et_pb_row][et_pb_row column_structure=\u00a0\u00bb1_2,1_2&Prime; _builder_version=\u00a0\u00bb4.27.2&Prime; _module_preset=\u00a0\u00bbdefault\u00a0\u00bb locked=\u00a0\u00bboff\u00a0\u00bb global_colors_info=\u00a0\u00bb{}\u00a0\u00bb][et_pb_column type=\u00a0\u00bb1_2&Prime; _builder_version=\u00a0\u00bb4.27.2&Prime; _module_preset=\u00a0\u00bbdefault\u00a0\u00bb global_colors_info=\u00a0\u00bb{}\u00a0\u00bb][et_pb_heading title=\u00a0\u00bbResponsable du risque sp\u00e9cialis\u00e9 :\u00a0\u00bb _builder_version=\u00a0\u00bb4.27.4&Prime; _module_preset=\u00a0\u00bbdefault\u00a0\u00bb title_level=\u00a0\u00bbh3&Prime; custom_margin=\u00a0\u00bb||||false|false\u00a0\u00bb custom_padding=\u00a0\u00bb||||false|false\u00a0\u00bb global_colors_info=\u00a0\u00bb{}\u00a0\u00bb][\/et_pb_heading][et_pb_team_member name=\u00a0\u00bbCraig Emuss\u00a0\u00bb position=\u00a0\u00bbVice-pr\u00e9sident principal, risque sp\u00e9cialis\u00e9\u00a0\u00bb _builder_version=\u00a0\u00bb4.27.4&Prime; _module_preset=\u00a0\u00bbdefault\u00a0\u00bb custom_padding=\u00a0\u00bb|||20px|false|false\u00a0\u00bb hover_enabled=\u00a0\u00bb0&Prime; border_width_left=\u00a0\u00bb10px\u00a0\u00bb border_color_left=\u00a0\u00bbgcid-2ab7e996-1a85-43be-9cb7-b8bc4d042a68&Prime; locked=\u00a0\u00bboff\u00a0\u00bb global_colors_info=\u00a0\u00bb{%22gcid-2ab7e996-1a85-43be-9cb7-b8bc4d042a68%22:%91%22border_color_left%22%93}\u00a0\u00bb custom_margin_last_edited=\u00a0\u00bbon|tablet\u00a0\u00bb custom_margin_tablet=\u00a0\u00bb||30px||false|false\u00a0\u00bb sticky_enabled=\u00a0\u00bb0&Prime; custom_margin_phone=\u00a0\u00bb||30px||false|false\u00a0\u00bb]<\/p>\n<p><a href=\"mailto:cemuss@tokiomarinecanada.com\">cemuss@tokiomarinecanada.com<\/a><\/p>\n<p>[\/et_pb_team_member][\/et_pb_column][et_pb_column type=\u00a0\u00bb1_2&Prime; _builder_version=\u00a0\u00bb4.27.2&Prime; _module_preset=\u00a0\u00bbdefault\u00a0\u00bb global_colors_info=\u00a0\u00bb{}\u00a0\u00bb][et_pb_heading title=\u00a0\u00bbPour les demandes d&rsquo;ordre g\u00e9n\u00e9ral :\u00a0\u00bb _builder_version=\u00a0\u00bb4.27.4&Prime; _module_preset=\u00a0\u00bbdefault\u00a0\u00bb title_level=\u00a0\u00bbh3&Prime; custom_margin=\u00a0\u00bb||||false|false\u00a0\u00bb custom_padding=\u00a0\u00bb||||false|false\u00a0\u00bb locked=\u00a0\u00bboff\u00a0\u00bb global_colors_info=\u00a0\u00bb{}\u00a0\u00bb][\/et_pb_heading][et_pb_team_member name=\u00a0\u00bbL&rsquo;\u00c9QUIPE DE SOUTIEN DE TMCAN\u00a0\u00bb _builder_version=\u00a0\u00bb4.27.4&Prime; _module_preset=\u00a0\u00bbdefault\u00a0\u00bb custom_padding=\u00a0\u00bb||25px|20px|false|false\u00a0\u00bb custom_css_title=\u00a0\u00bbtext-transform:none;\u00a0\u00bb border_width_left=\u00a0\u00bb10px\u00a0\u00bb border_color_left=\u00a0\u00bbgcid-2ab7e996-1a85-43be-9cb7-b8bc4d042a68&Prime; locked=\u00a0\u00bboff\u00a0\u00bb global_colors_info=\u00a0\u00bb{%22gcid-2ab7e996-1a85-43be-9cb7-b8bc4d042a68%22:%91%22border_color_left%22%93}\u00a0\u00bb]<\/p>\n<p><a href=\"mailto:tmcaninfo@tokiomarinecanada.com\">tmcaninfo@tokiomarinecanada.com<\/a><\/p>\n<p>[\/et_pb_team_member][\/et_pb_column][\/et_pb_row][\/et_pb_section]<\/p>\n","protected":false},"excerpt":{"rendered":"<p>Nous comprenons que les d\u00e9penses impr\u00e9vues peuvent perturber les entreprises et alourdir leurs finances. C\u2019est pourquoi notre solution de r\u00e9duction de franchise et d\u2019indemnisation a \u00e9t\u00e9 con\u00e7ue pour apporter aux clients une tranquillit\u00e9 d\u2019esprit en minimisant les frais de remboursement des r\u00e9clamations impr\u00e9vues. Chez Tokio Maritime Canada, les membres de notre \u00e9quipe des risques sp\u00e9cialis\u00e9s [&hellip;]<\/p>\n","protected":false},"author":10,"featured_media":0,"parent":1719,"menu_order":0,"comment_status":"closed","ping_status":"closed","template":"","meta":{"_et_pb_use_builder":"on","_et_pb_old_content":"<!-- wp:divi\/placeholder \/-->","_et_gb_content_width":"","footnotes":""},"class_list":["post-1724","page","type-page","status-publish","hentry"],"yoast_head":"<!-- This site is optimized with the Yoast SEO plugin v26.8 - https:\/\/yoast.com\/product\/yoast-seo-wordpress\/ -->\n<title>R\u00e9duction de Franchise et d\u2019Indemnisation - Tokio Marine Canada Ltd.<\/title>\n<meta name=\"robots\" content=\"index, follow, max-snippet:-1, max-image-preview:large, max-video-preview:-1\" \/>\n<link rel=\"canonical\" href=\"https:\/\/tokiomarinecanada.com\/fr\/specialty-risk-solutions\/deductible-buydown\/\" \/>\n<meta property=\"og:locale\" content=\"fr_CA\" \/>\n<meta property=\"og:type\" content=\"article\" \/>\n<meta property=\"og:title\" content=\"R\u00e9duction de Franchise et d\u2019Indemnisation - Tokio Marine Canada Ltd.\" \/>\n<meta property=\"og:description\" content=\"Nous comprenons que les d\u00e9penses impr\u00e9vues peuvent perturber les entreprises et alourdir leurs finances. C\u2019est pourquoi notre solution de r\u00e9duction de franchise et d\u2019indemnisation a \u00e9t\u00e9 con\u00e7ue pour apporter aux clients une tranquillit\u00e9 d\u2019esprit en minimisant les frais de remboursement des r\u00e9clamations impr\u00e9vues. Chez Tokio Maritime Canada, les membres de notre \u00e9quipe des risques sp\u00e9cialis\u00e9s [&hellip;]\" \/>\n<meta property=\"og:url\" content=\"https:\/\/tokiomarinecanada.com\/fr\/specialty-risk-solutions\/deductible-buydown\/\" \/>\n<meta property=\"og:site_name\" content=\"Tokio Marine Canada Ltd.\" \/>\n<meta property=\"article:modified_time\" content=\"2025-02-10T19:45:54+00:00\" \/>\n<meta name=\"twitter:card\" content=\"summary_large_image\" \/>\n<meta name=\"twitter:label1\" content=\"Estimation du temps de lecture\" \/>\n\t<meta name=\"twitter:data1\" content=\"5 minutes\" \/>\n<script type=\"application\/ld+json\" class=\"yoast-schema-graph\">{\"@context\":\"https:\/\/schema.org\",\"@graph\":[{\"@type\":\"WebPage\",\"@id\":\"https:\/\/tokiomarinecanada.com\/fr\/specialty-risk-solutions\/deductible-buydown\/\",\"url\":\"https:\/\/tokiomarinecanada.com\/fr\/specialty-risk-solutions\/deductible-buydown\/\",\"name\":\"R\u00e9duction de Franchise et d\u2019Indemnisation - Tokio Marine Canada Ltd.\",\"isPartOf\":{\"@id\":\"https:\/\/tokiomarinecanada.com\/fr\/#website\"},\"datePublished\":\"2024-10-07T20:30:52+00:00\",\"dateModified\":\"2025-02-10T19:45:54+00:00\",\"breadcrumb\":{\"@id\":\"https:\/\/tokiomarinecanada.com\/fr\/specialty-risk-solutions\/deductible-buydown\/#breadcrumb\"},\"inLanguage\":\"fr-CA\",\"potentialAction\":[{\"@type\":\"ReadAction\",\"target\":[\"https:\/\/tokiomarinecanada.com\/fr\/specialty-risk-solutions\/deductible-buydown\/\"]}]},{\"@type\":\"BreadcrumbList\",\"@id\":\"https:\/\/tokiomarinecanada.com\/fr\/specialty-risk-solutions\/deductible-buydown\/#breadcrumb\",\"itemListElement\":[{\"@type\":\"ListItem\",\"position\":1,\"name\":\"Home\",\"item\":\"https:\/\/tokiomarinecanada.com\/fr\/\"},{\"@type\":\"ListItem\",\"position\":2,\"name\":\"Solutions de risque sp\u00e9cialis\u00e9\",\"item\":\"https:\/\/tokiomarinecanada.com\/fr\/specialty-risk-solutions\/\"},{\"@type\":\"ListItem\",\"position\":3,\"name\":\"R\u00e9duction de Franchise et d\u2019Indemnisation\"}]},{\"@type\":\"WebSite\",\"@id\":\"https:\/\/tokiomarinecanada.com\/fr\/#website\",\"url\":\"https:\/\/tokiomarinecanada.com\/fr\/\",\"name\":\"Tokio Marine Canada Ltd.\",\"description\":\"\",\"potentialAction\":[{\"@type\":\"SearchAction\",\"target\":{\"@type\":\"EntryPoint\",\"urlTemplate\":\"https:\/\/tokiomarinecanada.com\/fr\/?s={search_term_string}\"},\"query-input\":{\"@type\":\"PropertyValueSpecification\",\"valueRequired\":true,\"valueName\":\"search_term_string\"}}],\"inLanguage\":\"fr-CA\"}]}<\/script>\n<!-- \/ Yoast SEO plugin. -->","yoast_head_json":{"title":"R\u00e9duction de Franchise et d\u2019Indemnisation - Tokio Marine Canada Ltd.","robots":{"index":"index","follow":"follow","max-snippet":"max-snippet:-1","max-image-preview":"max-image-preview:large","max-video-preview":"max-video-preview:-1"},"canonical":"https:\/\/tokiomarinecanada.com\/fr\/specialty-risk-solutions\/deductible-buydown\/","og_locale":"fr_CA","og_type":"article","og_title":"R\u00e9duction de Franchise et d\u2019Indemnisation - Tokio Marine Canada Ltd.","og_description":"Nous comprenons que les d\u00e9penses impr\u00e9vues peuvent perturber les entreprises et alourdir leurs finances. C\u2019est pourquoi notre solution de r\u00e9duction de franchise et d\u2019indemnisation a \u00e9t\u00e9 con\u00e7ue pour apporter aux clients une tranquillit\u00e9 d\u2019esprit en minimisant les frais de remboursement des r\u00e9clamations impr\u00e9vues. Chez Tokio Maritime Canada, les membres de notre \u00e9quipe des risques sp\u00e9cialis\u00e9s [&hellip;]","og_url":"https:\/\/tokiomarinecanada.com\/fr\/specialty-risk-solutions\/deductible-buydown\/","og_site_name":"Tokio Marine Canada Ltd.","article_modified_time":"2025-02-10T19:45:54+00:00","twitter_card":"summary_large_image","twitter_misc":{"Estimation du temps de lecture":"5 minutes"},"schema":{"@context":"https:\/\/schema.org","@graph":[{"@type":"WebPage","@id":"https:\/\/tokiomarinecanada.com\/fr\/specialty-risk-solutions\/deductible-buydown\/","url":"https:\/\/tokiomarinecanada.com\/fr\/specialty-risk-solutions\/deductible-buydown\/","name":"R\u00e9duction de Franchise et d\u2019Indemnisation - Tokio Marine Canada Ltd.","isPartOf":{"@id":"https:\/\/tokiomarinecanada.com\/fr\/#website"},"datePublished":"2024-10-07T20:30:52+00:00","dateModified":"2025-02-10T19:45:54+00:00","breadcrumb":{"@id":"https:\/\/tokiomarinecanada.com\/fr\/specialty-risk-solutions\/deductible-buydown\/#breadcrumb"},"inLanguage":"fr-CA","potentialAction":[{"@type":"ReadAction","target":["https:\/\/tokiomarinecanada.com\/fr\/specialty-risk-solutions\/deductible-buydown\/"]}]},{"@type":"BreadcrumbList","@id":"https:\/\/tokiomarinecanada.com\/fr\/specialty-risk-solutions\/deductible-buydown\/#breadcrumb","itemListElement":[{"@type":"ListItem","position":1,"name":"Home","item":"https:\/\/tokiomarinecanada.com\/fr\/"},{"@type":"ListItem","position":2,"name":"Solutions de risque sp\u00e9cialis\u00e9","item":"https:\/\/tokiomarinecanada.com\/fr\/specialty-risk-solutions\/"},{"@type":"ListItem","position":3,"name":"R\u00e9duction de Franchise et d\u2019Indemnisation"}]},{"@type":"WebSite","@id":"https:\/\/tokiomarinecanada.com\/fr\/#website","url":"https:\/\/tokiomarinecanada.com\/fr\/","name":"Tokio Marine Canada Ltd.","description":"","potentialAction":[{"@type":"SearchAction","target":{"@type":"EntryPoint","urlTemplate":"https:\/\/tokiomarinecanada.com\/fr\/?s={search_term_string}"},"query-input":{"@type":"PropertyValueSpecification","valueRequired":true,"valueName":"search_term_string"}}],"inLanguage":"fr-CA"}]}},"_links":{"self":[{"href":"https:\/\/tokiomarinecanada.com\/fr\/wp-json\/wp\/v2\/pages\/1724","targetHints":{"allow":["GET"]}}],"collection":[{"href":"https:\/\/tokiomarinecanada.com\/fr\/wp-json\/wp\/v2\/pages"}],"about":[{"href":"https:\/\/tokiomarinecanada.com\/fr\/wp-json\/wp\/v2\/types\/page"}],"author":[{"embeddable":true,"href":"https:\/\/tokiomarinecanada.com\/fr\/wp-json\/wp\/v2\/users\/10"}],"replies":[{"embeddable":true,"href":"https:\/\/tokiomarinecanada.com\/fr\/wp-json\/wp\/v2\/comments?post=1724"}],"version-history":[{"count":0,"href":"https:\/\/tokiomarinecanada.com\/fr\/wp-json\/wp\/v2\/pages\/1724\/revisions"}],"up":[{"embeddable":true,"href":"https:\/\/tokiomarinecanada.com\/fr\/wp-json\/wp\/v2\/pages\/1719"}],"wp:attachment":[{"href":"https:\/\/tokiomarinecanada.com\/fr\/wp-json\/wp\/v2\/media?parent=1724"}],"curies":[{"name":"wp","href":"https:\/\/api.w.org\/{rel}","templated":true}]}}