{"id":1739,"date":"2024-10-15T14:44:50","date_gmt":"2024-10-15T14:44:50","guid":{"rendered":"https:\/\/tokiomarinecanada.com\/about-us\/a-message-from-our-ceo\/"},"modified":"2025-04-25T15:26:30","modified_gmt":"2025-04-25T15:26:30","slug":"a-message-from-our-ceo","status":"publish","type":"page","link":"https:\/\/tokiomarinecanada.com\/fr\/about-us\/a-message-from-our-ceo\/","title":{"rendered":"Message de notre DG"},"content":{"rendered":"<p>[et_pb_section fb_built=\u00a0\u00bb1&Prime; _builder_version=\u00a0\u00bb4.27.2&Prime; _module_preset=\u00a0\u00bbdefault\u00a0\u00bb global_colors_info=\u00a0\u00bb{}\u00a0\u00bb][et_pb_row _builder_version=\u00a0\u00bb4.27.2&Prime; _module_preset=\u00a0\u00bbdefault\u00a0\u00bb global_colors_info=\u00a0\u00bb{}\u00a0\u00bb][et_pb_column type=\u00a0\u00bb4_4&Prime; _builder_version=\u00a0\u00bb4.27.2&Prime; _module_preset=\u00a0\u00bbdefault\u00a0\u00bb global_colors_info=\u00a0\u00bb{}\u00a0\u00bb][\/et_pb_column][\/et_pb_row][et_pb_row _builder_version=\u00a0\u00bb4.27.2&Prime; _module_preset=\u00a0\u00bbdefault\u00a0\u00bb global_colors_info=\u00a0\u00bb{}\u00a0\u00bb][et_pb_column type=\u00a0\u00bb4_4&Prime; _builder_version=\u00a0\u00bb4.27.2&Prime; _module_preset=\u00a0\u00bbdefault\u00a0\u00bb global_colors_info=\u00a0\u00bb{}\u00a0\u00bb][et_pb_heading title=\u00a0\u00bbMessage de notre DG, Mike George\u00a0\u00bb _builder_version=\u00a0\u00bb4.27.4&Prime; _module_preset=\u00a0\u00bbdefault\u00a0\u00bb hover_enabled=\u00a0\u00bb0&Prime; global_colors_info=\u00a0\u00bb{}\u00a0\u00bb sticky_enabled=\u00a0\u00bb0&Prime;][\/et_pb_heading][et_pb_text _builder_version=\u00a0\u00bb4.27.4&Prime; _module_preset=\u00a0\u00bbdefault\u00a0\u00bb hover_enabled=\u00a0\u00bb0&Prime; global_colors_info=\u00a0\u00bb{}\u00a0\u00bb sticky_enabled=\u00a0\u00bb0&Prime;]<\/p>\n<p>Bienvenue chez Tokio Maritime Canada (TMCan), la compagnie d&rsquo;assurance de dommages \u00e0 la croissance la plus rapide au Canada. Nous sommes fiers de faire partie de la famille mondiale de Tokio Marine, car nous appartenons \u00e0 l&rsquo;un des groupes d&rsquo;assurance les plus importants, les plus reconnus et les plus fiables au monde.<\/p>\n<p>Notre raison d&rsquo;\u00eatre? Nous croyons que la soci\u00e9t\u00e9 canadienne de demain doit \u00eatre avant-gardiste, favorable aux changements et prosp\u00e8re. Pour y parvenir, les entreprises devront \u00e9voluer, remettre en question le statu quo et prendre des risques calcul\u00e9s. En travaillant en partenariat avec des courtiers professionnels s\u00e9lectionn\u00e9s, nous aidons les entreprises canadiennes \u00e0 relever les d\u00e9fis futurs en leur offrant des solutions pratiques en mati\u00e8re d&rsquo;assurance et de risques, un service hors pair et en nous assurant d&rsquo;\u00eatre l\u00e0 pour les soutenir en cas de besoin.<\/p>\n<p>En tant que nouvel acteur sur le march\u00e9 canadien de l\u2019assurance, nous aspirons \u00e0 incarner des principes similaires \u00e0 ceux des meilleures entreprises nouvellement cr\u00e9\u00e9es \u2014 une approche entrepreneuriale orient\u00e9e vers les solutions, avec un sens de l\u2019urgence, tout en demeurant agile et innovatrice dans toutes nos actions. \u00c0 ceci s\u2019ajoutent les avantages de faire partie d\u2019une entreprise d\u2019assurance mondiale jouissant d\u2019une importante capitalisation, de capacit\u00e9s accrues et de ressources \u00e0 travers le monde.<\/p>\n<p>En outre, nous avons constitu\u00e9 une \u00e9quipe de hauts dirigeants et souscripteurs canadiens qui ont une exp\u00e9rience et des comp\u00e9tences solides. Bient\u00f4t, l&rsquo;\u00e9quipe de TMCan comptera plus d&rsquo;une centaine d&rsquo;experts qui se consacreront \u00e0 mieux vous servir.<\/p>\n<p>L&rsquo;objectif de TMCan est de devenir un assureur de dommages de premier ordre sur le march\u00e9 canadien en offrant un service, une expertise et des solutions exceptionnels pour r\u00e9pondre \u00e0 vos besoins. Nous croyons que nous faisons d&rsquo;excellents progr\u00e8s en ce qui a trait \u00e0 la r\u00e9alisation de cet objectif.<\/p>\n<p>Bien que Tokio Maritime continue d&rsquo;exploiter une filiale canadienne de Tokio Maritime &amp; Nichido Incendie et que plusieurs de ses syndicats souscrivent des activit\u00e9s au Canada par l&rsquo;interm\u00e9diaire de Lloyd&rsquo;s, la cr\u00e9ation d&rsquo;une filiale TMCan s\u00e9par\u00e9e et distincte, dot\u00e9e de sa propre capacit\u00e9 nationale autoris\u00e9e nous offre une occasion unique d\u2019optimiser la pr\u00e9sence de Tokio Maritime sur le march\u00e9 canadien. En tirant parti des forces de notre soci\u00e9t\u00e9 m\u00e8re et de nos nombreuses soci\u00e9t\u00e9s s\u0153urs, nous offrons un plus grand choix \u00e0 nos courtiers partenaires s\u00e9lectionn\u00e9s et \u00e0 leurs clients.<br \/>Vous pouvez compter sur nous pour faire ce qu&rsquo;il faut et pour \u00eatre l\u00e0 en cas de besoin. Merci de nous faire confiance.<\/p>\n<p><img loading=\"lazy\" decoding=\"async\" src=\"https:\/\/tokiomarinecanada.com\/wp-content\/uploads\/2024\/10\/Mike-Signature-002.png\" width=\"250\" height=\"73\" alt=\"\" class=\"wp-image-1587 alignnone size-full\" \/><\/p>\n<p>Mike George<br \/>DG, Tokio Maritime Canada lt\u00e9e.<\/p>\n<p>[\/et_pb_text][\/et_pb_column][\/et_pb_row][\/et_pb_section]<\/p>\n","protected":false},"excerpt":{"rendered":"<p>Bienvenue chez Tokio Maritime Canada (TMCan), la compagnie d&rsquo;assurance de dommages \u00e0 la croissance la plus rapide au Canada. Nous sommes fiers de faire partie de la famille mondiale de Tokio Marine, car nous appartenons \u00e0 l&rsquo;un des groupes d&rsquo;assurance les plus importants, les plus reconnus et les plus fiables au monde. Notre raison d&rsquo;\u00eatre? [&hellip;]<\/p>\n","protected":false},"author":10,"featured_media":0,"parent":1729,"menu_order":0,"comment_status":"closed","ping_status":"closed","template":"","meta":{"_et_pb_use_builder":"on","_et_pb_old_content":"","_et_gb_content_width":"","footnotes":""},"class_list":["post-1739","page","type-page","status-publish","hentry"],"yoast_head":"<!-- This site is optimized with the Yoast SEO plugin v26.8 - https:\/\/yoast.com\/product\/yoast-seo-wordpress\/ -->\n<title>Message de notre DG - Tokio Marine Canada Ltd.<\/title>\n<meta name=\"robots\" content=\"index, follow, max-snippet:-1, max-image-preview:large, max-video-preview:-1\" \/>\n<link rel=\"canonical\" href=\"https:\/\/tokiomarinecanada.com\/fr\/about-us\/a-message-from-our-ceo\/\" \/>\n<meta property=\"og:locale\" content=\"fr_CA\" \/>\n<meta property=\"og:type\" content=\"article\" \/>\n<meta property=\"og:title\" content=\"Message de notre DG - Tokio Marine Canada Ltd.\" \/>\n<meta property=\"og:description\" content=\"Bienvenue chez Tokio Maritime Canada (TMCan), la compagnie d&#039;assurance de dommages \u00e0 la croissance la plus rapide au Canada. Nous sommes fiers de faire partie de la famille mondiale de Tokio Marine, car nous appartenons \u00e0 l&#039;un des groupes d&#039;assurance les plus importants, les plus reconnus et les plus fiables au monde. Notre raison d&#039;\u00eatre? [&hellip;]\" \/>\n<meta property=\"og:url\" content=\"https:\/\/tokiomarinecanada.com\/fr\/about-us\/a-message-from-our-ceo\/\" \/>\n<meta property=\"og:site_name\" content=\"Tokio Marine Canada Ltd.\" \/>\n<meta property=\"article:modified_time\" content=\"2025-04-25T15:26:30+00:00\" \/>\n<meta property=\"og:image\" content=\"https:\/\/tokiomarinecanada.com\/wp-content\/uploads\/2024\/10\/Mike-Signature-002.png\" \/>\n\t<meta property=\"og:image:width\" content=\"250\" \/>\n\t<meta property=\"og:image:height\" content=\"73\" \/>\n\t<meta property=\"og:image:type\" content=\"image\/png\" \/>\n<meta name=\"twitter:card\" content=\"summary_large_image\" \/>\n<meta name=\"twitter:label1\" content=\"Estimation du temps de lecture\" \/>\n\t<meta name=\"twitter:data1\" content=\"3 minutes\" \/>\n<script type=\"application\/ld+json\" class=\"yoast-schema-graph\">{\"@context\":\"https:\/\/schema.org\",\"@graph\":[{\"@type\":\"WebPage\",\"@id\":\"https:\/\/tokiomarinecanada.com\/fr\/about-us\/a-message-from-our-ceo\/\",\"url\":\"https:\/\/tokiomarinecanada.com\/fr\/about-us\/a-message-from-our-ceo\/\",\"name\":\"Message de notre DG - Tokio Marine Canada Ltd.\",\"isPartOf\":{\"@id\":\"https:\/\/tokiomarinecanada.com\/fr\/#website\"},\"primaryImageOfPage\":{\"@id\":\"https:\/\/tokiomarinecanada.com\/fr\/about-us\/a-message-from-our-ceo\/#primaryimage\"},\"image\":{\"@id\":\"https:\/\/tokiomarinecanada.com\/fr\/about-us\/a-message-from-our-ceo\/#primaryimage\"},\"thumbnailUrl\":\"https:\/\/tokiomarinecanada.com\/wp-content\/uploads\/2024\/10\/Mike-Signature-002.png\",\"datePublished\":\"2024-10-15T14:44:50+00:00\",\"dateModified\":\"2025-04-25T15:26:30+00:00\",\"breadcrumb\":{\"@id\":\"https:\/\/tokiomarinecanada.com\/fr\/about-us\/a-message-from-our-ceo\/#breadcrumb\"},\"inLanguage\":\"fr-CA\",\"potentialAction\":[{\"@type\":\"ReadAction\",\"target\":[\"https:\/\/tokiomarinecanada.com\/fr\/about-us\/a-message-from-our-ceo\/\"]}]},{\"@type\":\"ImageObject\",\"inLanguage\":\"fr-CA\",\"@id\":\"https:\/\/tokiomarinecanada.com\/fr\/about-us\/a-message-from-our-ceo\/#primaryimage\",\"url\":\"https:\/\/tokiomarinecanada.com\/wp-content\/uploads\/2024\/10\/Mike-Signature-002.png\",\"contentUrl\":\"https:\/\/tokiomarinecanada.com\/wp-content\/uploads\/2024\/10\/Mike-Signature-002.png\"},{\"@type\":\"BreadcrumbList\",\"@id\":\"https:\/\/tokiomarinecanada.com\/fr\/about-us\/a-message-from-our-ceo\/#breadcrumb\",\"itemListElement\":[{\"@type\":\"ListItem\",\"position\":1,\"name\":\"Home\",\"item\":\"https:\/\/tokiomarinecanada.com\/fr\/\"},{\"@type\":\"ListItem\",\"position\":2,\"name\":\"\u00c0 notre sujet\",\"item\":\"https:\/\/tokiomarinecanada.com\/fr\/about-us\/\"},{\"@type\":\"ListItem\",\"position\":3,\"name\":\"Message de notre DG\"}]},{\"@type\":\"WebSite\",\"@id\":\"https:\/\/tokiomarinecanada.com\/fr\/#website\",\"url\":\"https:\/\/tokiomarinecanada.com\/fr\/\",\"name\":\"Tokio Marine Canada Ltd.\",\"description\":\"\",\"potentialAction\":[{\"@type\":\"SearchAction\",\"target\":{\"@type\":\"EntryPoint\",\"urlTemplate\":\"https:\/\/tokiomarinecanada.com\/fr\/?s={search_term_string}\"},\"query-input\":{\"@type\":\"PropertyValueSpecification\",\"valueRequired\":true,\"valueName\":\"search_term_string\"}}],\"inLanguage\":\"fr-CA\"}]}<\/script>\n<!-- \/ Yoast SEO plugin. -->","yoast_head_json":{"title":"Message de notre DG - Tokio Marine Canada Ltd.","robots":{"index":"index","follow":"follow","max-snippet":"max-snippet:-1","max-image-preview":"max-image-preview:large","max-video-preview":"max-video-preview:-1"},"canonical":"https:\/\/tokiomarinecanada.com\/fr\/about-us\/a-message-from-our-ceo\/","og_locale":"fr_CA","og_type":"article","og_title":"Message de notre DG - Tokio Marine Canada Ltd.","og_description":"Bienvenue chez Tokio Maritime Canada (TMCan), la compagnie d'assurance de dommages \u00e0 la croissance la plus rapide au Canada. Nous sommes fiers de faire partie de la famille mondiale de Tokio Marine, car nous appartenons \u00e0 l'un des groupes d'assurance les plus importants, les plus reconnus et les plus fiables au monde. Notre raison d'\u00eatre? [&hellip;]","og_url":"https:\/\/tokiomarinecanada.com\/fr\/about-us\/a-message-from-our-ceo\/","og_site_name":"Tokio Marine Canada Ltd.","article_modified_time":"2025-04-25T15:26:30+00:00","og_image":[{"width":250,"height":73,"url":"https:\/\/tokiomarinecanada.com\/wp-content\/uploads\/2024\/10\/Mike-Signature-002.png","type":"image\/png"}],"twitter_card":"summary_large_image","twitter_misc":{"Estimation du temps de lecture":"3 minutes"},"schema":{"@context":"https:\/\/schema.org","@graph":[{"@type":"WebPage","@id":"https:\/\/tokiomarinecanada.com\/fr\/about-us\/a-message-from-our-ceo\/","url":"https:\/\/tokiomarinecanada.com\/fr\/about-us\/a-message-from-our-ceo\/","name":"Message de notre DG - Tokio Marine Canada Ltd.","isPartOf":{"@id":"https:\/\/tokiomarinecanada.com\/fr\/#website"},"primaryImageOfPage":{"@id":"https:\/\/tokiomarinecanada.com\/fr\/about-us\/a-message-from-our-ceo\/#primaryimage"},"image":{"@id":"https:\/\/tokiomarinecanada.com\/fr\/about-us\/a-message-from-our-ceo\/#primaryimage"},"thumbnailUrl":"https:\/\/tokiomarinecanada.com\/wp-content\/uploads\/2024\/10\/Mike-Signature-002.png","datePublished":"2024-10-15T14:44:50+00:00","dateModified":"2025-04-25T15:26:30+00:00","breadcrumb":{"@id":"https:\/\/tokiomarinecanada.com\/fr\/about-us\/a-message-from-our-ceo\/#breadcrumb"},"inLanguage":"fr-CA","potentialAction":[{"@type":"ReadAction","target":["https:\/\/tokiomarinecanada.com\/fr\/about-us\/a-message-from-our-ceo\/"]}]},{"@type":"ImageObject","inLanguage":"fr-CA","@id":"https:\/\/tokiomarinecanada.com\/fr\/about-us\/a-message-from-our-ceo\/#primaryimage","url":"https:\/\/tokiomarinecanada.com\/wp-content\/uploads\/2024\/10\/Mike-Signature-002.png","contentUrl":"https:\/\/tokiomarinecanada.com\/wp-content\/uploads\/2024\/10\/Mike-Signature-002.png"},{"@type":"BreadcrumbList","@id":"https:\/\/tokiomarinecanada.com\/fr\/about-us\/a-message-from-our-ceo\/#breadcrumb","itemListElement":[{"@type":"ListItem","position":1,"name":"Home","item":"https:\/\/tokiomarinecanada.com\/fr\/"},{"@type":"ListItem","position":2,"name":"\u00c0 notre sujet","item":"https:\/\/tokiomarinecanada.com\/fr\/about-us\/"},{"@type":"ListItem","position":3,"name":"Message de notre DG"}]},{"@type":"WebSite","@id":"https:\/\/tokiomarinecanada.com\/fr\/#website","url":"https:\/\/tokiomarinecanada.com\/fr\/","name":"Tokio Marine Canada Ltd.","description":"","potentialAction":[{"@type":"SearchAction","target":{"@type":"EntryPoint","urlTemplate":"https:\/\/tokiomarinecanada.com\/fr\/?s={search_term_string}"},"query-input":{"@type":"PropertyValueSpecification","valueRequired":true,"valueName":"search_term_string"}}],"inLanguage":"fr-CA"}]}},"_links":{"self":[{"href":"https:\/\/tokiomarinecanada.com\/fr\/wp-json\/wp\/v2\/pages\/1739","targetHints":{"allow":["GET"]}}],"collection":[{"href":"https:\/\/tokiomarinecanada.com\/fr\/wp-json\/wp\/v2\/pages"}],"about":[{"href":"https:\/\/tokiomarinecanada.com\/fr\/wp-json\/wp\/v2\/types\/page"}],"author":[{"embeddable":true,"href":"https:\/\/tokiomarinecanada.com\/fr\/wp-json\/wp\/v2\/users\/10"}],"replies":[{"embeddable":true,"href":"https:\/\/tokiomarinecanada.com\/fr\/wp-json\/wp\/v2\/comments?post=1739"}],"version-history":[{"count":0,"href":"https:\/\/tokiomarinecanada.com\/fr\/wp-json\/wp\/v2\/pages\/1739\/revisions"}],"up":[{"embeddable":true,"href":"https:\/\/tokiomarinecanada.com\/fr\/wp-json\/wp\/v2\/pages\/1729"}],"wp:attachment":[{"href":"https:\/\/tokiomarinecanada.com\/fr\/wp-json\/wp\/v2\/media?parent=1739"}],"curies":[{"name":"wp","href":"https:\/\/api.w.org\/{rel}","templated":true}]}}